{"id":2272,"date":"2012-10-09T09:09:02","date_gmt":"2012-10-09T09:09:02","guid":{"rendered":"http:\/\/www.acousticguitarmeeting.net\/?page_id=2272"},"modified":"2012-10-09T09:09:02","modified_gmt":"2012-10-09T09:09:02","slug":"1-edition-1998-may-2","status":"publish","type":"page","link":"https:\/\/acousticguitarvillage.net\/en\/past-editions\/1-edition-1998-may-2\/","title":{"rendered":"1\u00b0 Edition &#8211; 1998, May"},"content":{"rendered":"<h3>Presentazione<\/h3>\n<p style=\"text-align: justify;\"><img loading=\"lazy\" decoding=\"async\" class=\"alignleft size-full wp-image-1115\" title=\"1edizione\" src=\"https:\/\/acousticguitarvillage.net\/wp-content\/uploads\/2012\/06\/1STPP.gif\" alt=\"\" width=\"100\" height=\"91\" \/>Il profumo di un buon legno, la bellezza e la perfezione di intarsi madreperlati, mani abili per assemblare questi materiali dal sapere cos\u00ec &#8220;naturale&#8221;, metallo cromato o dorato per perni e meccaniche, acciaio o nylon perle corde, una sonorit\u00e0 cristallina e &#8220;rotonda&#8221;, tutto questo \u00e8 la chitarra acustica.<\/p>\n<p style=\"text-align: justify;\">Uno strumento musicale che unisce alla bellezza delle sue fattezze un suono inconfondibile, fatto di vibrazioni alternate basse-medie-acute in inseguimento fra di loro o combinate insieme.<\/p>\n<p style=\"text-align: justify;\">Poi le mani dei musicista; gi\u00e0, le mani dell&#8217;esecutore: una sulla tastiera a cercare le posizioni pi\u00f9 svariato e difficili, l&#8217;altra sulla pancia dello strumento a colpire le corde, dando corpo e potenza al suono, talvolta usando le dito nude, talvolta un piccolo oggetto triangolare: il plettro. Aggiungerei il sudore, quello che traspare dopo ore di esercizi pieni di sacrificio e fatica o dopo un concerto riuscito che ripaga di tutte quelle sofferenze.<\/p>\n<p style=\"text-align: justify;\">La chitarra acustica: quella con corde di nylon e determinate caratteristiche detta &#8220;classica&#8221;, quella con corde d&#8217;acciaio ed al&#8221; particolarit\u00e0 detta &#8220;acustica o folk &#8220;.<\/p>\n<p style=\"text-align: justify;\">Abbiamo, per fortuna, una grande tradizione in Italia di &#8220;chitarra classica&#8221;, non ne abbiamo di chitarra acustica.<\/p>\n<p style=\"text-align: justify;\">La sua nascita ed evoluzione si devono ai maestri d&#8217;oltreoceano; da noi arriv\u00f2 neo anni &#8217;50-&#8217;60 e da allora in poi fu usato, in linea di massima, per accompagnare ritmicamente, con accordi pi\u00f9 o meno precisi, rn&amp;iaia di canzoni e canzonette.<\/p>\n<p style=\"text-align: justify;\">A molti dei musicisti che ascolterete in questa rassegna si devo la passione, lo studio ed il sacxij\u00eccio di aver saputo far &#8220;crescere&#8221; la chitarra acustica contemporaneo in Italia, dandole lo spessore artistico e tecnico che le compete, ricercando ed esplorando tutte le infinite sonoiit\u00e0 nascoste fra le sue corde.<\/p>\n<p style=\"text-align: justify;\">Gli ospiti stranieri delle serate ci testimonieranno e confermeranno l&#8217;alto livello raggiunto e la considerazione di cui questo strumento gode in altri paesi.<\/p>\n<p style=\"text-align: justify;\">Buon ascolto!<\/p>\n<p style=\"text-align: right;\">Alessio Ambrosi<\/p>\n<p style=\"text-align: right;\">Associazione Culturale &#8216;Armadillo&#8221;<\/p>\n<h3 style=\"text-align: left;\">Gli Artisti<\/h3>\n<p><strong>Fabrizio Di Salvo<\/strong><\/p>\n<p style=\"text-align: justify;\">Insegnante alla scuola per chitarra &#8220;Lizard&#8221; di Firenze, attivo sulle scene italiane da molti anni, un vero &#8220;maestro&#8221; di chitarra acustica.<\/p>\n<p style=\"text-align: justify;\"><strong>Marco Galvagno<\/strong><\/p>\n<p style=\"text-align: justify;\">Una potenza esplosiva! Grande interprete di fiamenco e di latino-americano, unisce nelle sue composizioni queste esperienze ad atmosfere mediterranee, presentando un &#8220;cocktail&#8221; musicale di grande efficacia.<\/p>\n<p style=\"text-align: justify;\"><strong>Franco Morone<\/strong><\/p>\n<p style=\"text-align: justify;\">Un punto di riferimento per la chitarra acustica in Italia. Grande tecnico nell&#8217;esecuzione, autore di molte pubblicazioni stampate ed in video del settore, collabora da anni con le pi\u00f9 importanti riviste musicali. Negli ultimi anni, dopo varie tourn\u00e9e, \u00e8 conosciuto ed apprezzato anche in campo internazionale.<\/p>\n<p style=\"text-align: justify;\"><strong>Tim Sparks<\/strong><\/p>\n<p style=\"text-align: justify;\">Da Minneapolis, U.S.A., un genio del fingerstyle. Studi con Segovia ed elaborazione di una tecnica che gli permette di spaziare dal classico al jazz, dal blues all&#8217;etnico, lasciando gli ascoltatori stupefatti.<\/p>\n<p style=\"text-align: justify;\"><strong>Roberto Menab\u00f2<\/strong><\/p>\n<p style=\"text-align: justify;\">Un bluesman acustico che, dalla lezione dei maestri neri, ha sviluppato ricerche anche nella musica folk italiana, utilizzando con maestria le accordature &#8220;aperte&#8221;e la tecnica &#8220;bottleneck&#8221;.<\/p>\n<p style=\"text-align: justify;\"><strong>Armando Corsi<\/strong><\/p>\n<p style=\"text-align: justify;\">Collaboratore per svariati anni di Ivano Fossati, un altro &#8220;maestro&#8221; di chitarra acustica contemporanea. Autore di vari video e pubblicazioni musicali, propone un viaggio nel mondo latino tra virtuosismo e melodia.<\/p>\n<p style=\"text-align: justify;\"><strong>Beppe Gambetta<\/strong><\/p>\n<p style=\"text-align: justify;\">Il pi\u00f9 apprezzato e conosciuto chitarrista &#8220;flat-picking&#8217;in Italia. Dalle esperienze Bluegrass alle pi\u00f9 recenti atmosfere etniche, collabora da tempo con i pi\u00f9 importanti esecutori di questo genere negli U.S.A., dove si \u00e8 costruito la stessa grande fama di cui gode in Europa.<\/p>\n<p style=\"text-align: justify;\"><strong>Woody Mann<\/strong><\/p>\n<p style=\"text-align: justify;\">Da New York, U.S.A., uno dei pi\u00f9 grandi bluesman acustici viventi. Feeling, tecnica, tradizione da godere dal vivo. Per la prima volta in Italia, un evento!<\/p>\n<p style=\"text-align: justify;\"><strong>Giangi Sainato<\/strong><\/p>\n<p style=\"text-align: justify;\">Un giovane talento che si sta aprendo la strada nel panorama chitarristico italiano. Ricercatore nelle suo composizioni di un linguaggio di fusione tra i vari generi di chitarra acustica.<\/p>\n<p style=\"text-align: justify;\"><strong>Balen Lopez de Munain<\/strong><\/p>\n<p style=\"text-align: justify;\">Dai Paesi Baschi un &#8220;professore&#8221; di chitarra classica che si proietta verso tendenze contemporanee, istanze new age ed atmosfere jazzate.<\/p>\n<p style=\"text-align: justify;\"><strong>Paolo Giordano<\/strong><\/p>\n<p style=\"text-align: justify;\">L&#8217;uomo &#8220;nuovo&#8221; della chitarra acustica contemporanea! Tecnica e composizione raffinata che hanno suggestionato anche i grandi maestri americani. Tourn\u00e9e in Europa e negli U.S.A. di grande successo, un ricercatore di sonorit\u00e0 originali.<\/p>\n<p style=\"text-align: justify;\"><strong>Riccardo Zappa<\/strong><\/p>\n<p style=\"text-align: justify;\">la &#8220;storia&#8221; della chitarra acustica in Italia. Attivo con successo da pi\u00f9 di vent&#8217;anni, ha continuamente sviluppato il suo talento sia sulla 6 che sulla 12 corde, esplorando moltissimi percorsi musicali. Se c&#8217;\u00e8 una piccola tradizione di chitarra acustica nel nostro paese, molto merito si deve a Riccardo.<\/p>\n","protected":false},"excerpt":{"rendered":"<p>Presentazione<\/p>\n<p style=\"text-align: justify;\">Il profumo di un buon legno, la bellezza e la perfezione di intarsi madreperlati, mani abili per assemblare questi materiali dal sapere cos\u00ec &#8220;naturale&#8221;, metallo cromato o dorato per perni e meccaniche, acciaio o nylon perle corde, una sonorit\u00e0 cristallina e &#8220;rotonda&#8221;, tutto questo \u00e8 la chitarra acustica.<\/p>\n<p style=\"text-align: justify;\">Uno strumento musicale che unisce alla bellezza delle sue fattezze un suono inconfondibile, fatto di vibrazioni alternate basse-medie-acute in inseguimento fra di loro o combinate insieme.<\/p>\n<p style=\"text-align: justify;\">Poi le mani dei musicista; gi\u00e0, le &#8230;<\/p>\n","protected":false},"author":1,"featured_media":0,"parent":1481,"menu_order":0,"comment_status":"open","ping_status":"closed","template":"","meta":{"footnotes":""},"class_list":["post-2272","page","type-page","status-publish","hentry"],"_links":{"self":[{"href":"https:\/\/acousticguitarvillage.net\/en\/wp-json\/wp\/v2\/pages\/2272","targetHints":{"allow":["GET"]}}],"collection":[{"href":"https:\/\/acousticguitarvillage.net\/en\/wp-json\/wp\/v2\/pages"}],"about":[{"href":"https:\/\/acousticguitarvillage.net\/en\/wp-json\/wp\/v2\/types\/page"}],"author":[{"embeddable":true,"href":"https:\/\/acousticguitarvillage.net\/en\/wp-json\/wp\/v2\/users\/1"}],"replies":[{"embeddable":true,"href":"https:\/\/acousticguitarvillage.net\/en\/wp-json\/wp\/v2\/comments?post=2272"}],"version-history":[{"count":0,"href":"https:\/\/acousticguitarvillage.net\/en\/wp-json\/wp\/v2\/pages\/2272\/revisions"}],"up":[{"embeddable":true,"href":"https:\/\/acousticguitarvillage.net\/en\/wp-json\/wp\/v2\/pages\/1481"}],"wp:attachment":[{"href":"https:\/\/acousticguitarvillage.net\/en\/wp-json\/wp\/v2\/media?parent=2272"}],"curies":[{"name":"wp","href":"https:\/\/api.w.org\/{rel}","templated":true}]}}