{"id":2274,"date":"2012-10-09T09:09:50","date_gmt":"2012-10-09T09:09:50","guid":{"rendered":"http:\/\/www.acousticguitarmeeting.net\/?page_id=2274"},"modified":"2012-10-09T09:10:11","modified_gmt":"2012-10-09T09:10:11","slug":"2-edition-1999-may","status":"publish","type":"page","link":"https:\/\/acousticguitarvillage.net\/en\/past-editions\/2-edition-1999-may\/","title":{"rendered":"2\u00b0 Edition &#8211; 1999, May"},"content":{"rendered":"<h3 style=\"text-align: justify;\">Presentazione<\/h3>\n<p style=\"text-align: justify;\"><img loading=\"lazy\" decoding=\"async\" class=\"alignleft size-full wp-image-1121\" title=\"2edizione\" src=\"https:\/\/acousticguitarvillage.net\/wp-content\/uploads\/2012\/06\/2NDPP.gif\" alt=\"\" width=\"100\" height=\"91\" \/>Siamo al 2&#8242; appuntamento con il Meeting Internazionale di Chitarra Acustica e la conferma di un progetto \u00e8 sempre pi\u00f9 difficile della nascita, l&#8217;alta qualit\u00e0 artistica, la splendida atmosfera nel Teatro ed il successo di pubblico e critica dello scorso anno, ci fanno comunque capire che la strada \u00e8 giusta e ben sperare per l&#8217;edizione 1999.<\/p>\n<p style=\"text-align: justify;\">Tre serate, anche questa volta, per gustare stili, tecniche, sonorit\u00e0 particolari uno strumento musicale meraviglioso ed affascinante, con artisti nazionali ed internazionali in continua ricerca di tesori segreti nascosti tra corde e tastiere. Ognuno degli appuntamenti avr\u00e0 una sua tematica: fingerstyle blues-ragtime-new age il primo, flamenco-latino-jazz il secondo e nel terzo l&#8217;esplorazione andr\u00e0 oltre la chitarra convenzionale, vedendo all&#8217;opera le &#8220;mitiche&#8221; chitarre acustiche a risuonatore. Per la piuma volta in Italia avremo una giornata intera totalmente dedicata a questo strumento cos\u00ec particolare, con il corpo tutto in metallo ed il timbro e volume inconfondibili; a farcelo ascoltare saranno alcuni tra i migliori interpreti internazionali, tra cui l&#8217;indiscusso &#8220;re&#8221; Bob Brozman.<\/p>\n<p style=\"text-align: justify;\">L&#8217;esperimento di esaminare tutte le varie tipologie di chitarre acustiche e suoi simili verr\u00e0 proseguito anche il prossimo anno grazie alla preziosa collaborazione della &#8220;Wilder&#8221; di Willy Davoli, distributore in Italia di un numero impressionante di strumenti a corda provenienti da ogni-dove.<\/p>\n<p style=\"text-align: justify;\">Quest&#8217;anno inoltre abbiamo interrotto la tradizione della performance &#8220;in solo&#8221; mettendo in cartellone alcune esibizioni &#8220;in duo&#8221;. Lo abbiamo fatto per creare ancora di pi\u00f9 atmosfere suggestive e perch\u00e9 i nomi delle coppie di musicisti che leggerete nel programma, ci faranno sicuramente assistere ad eventi memorabili. Tutto il resto \u00e8 nelle mani e nel cuore degli artisti che si alterneranno sul palco dei Teatro degli Impavidi, pronti, come sempre, ad emozionare ed entusiasmare.<\/p>\n<p style=\"text-align: justify;\">Ai prossimi appuntamenti, buon ascolto!<\/p>\n<p style=\"text-align: justify;\">Associazione Culturale &#8220;Armadillo&#8221;<\/p>\n<p style=\"text-align: justify;\">Dedicato a Giancarlo Ciani, chitarrista gentile ed a Fabrizio De Andr\u00e8, musicista e poeta non allineato.<\/p>\n<h3 style=\"text-align: justify;\">Gli Artisti<\/h3>\n<p style=\"text-align: justify;\"><strong>Giovanni Unterberger<\/strong><\/p>\n<p>ideatore e fondatore della scuola di chitarra &#8220;Lizard&#8221;, ma soprattutto grande chitarrista: dal ragtime al jazz passando per il blues e le altre tecniche del finger-picking Giovanni \u00e8, in concerto, una fonte inesauribile di arrangiamenti straordinari. Autore di numerosissime pubblicazioni ed incisioni, \u00e8 considerato il caposcuola dei chitarristi acustici italiani.<\/p>\n<p style=\"text-align: justify;\"><strong>Paolo Giordano<\/strong><\/p>\n<p>il pi\u00f9 particolare e raffinato chitarrista acustico italiano, in continua ricerca di sonorit\u00e0 originali.Tourn\u00e9e in Europa e negli USA, dove si \u00e8 esibito a fianco dei grandi strumentisti internazionali, sorprendendo tutti per la sua unicit\u00e0 e genialit\u00e0. Torna a Sarzana per presentare il nuovo lavoro discografico.<\/p>\n<p style=\"text-align: justify;\"><strong>Franco Morone<\/strong><\/p>\n<p>grande tecnica nell&#8217;esecuzione, alterna l&#8217;attivit\u00e0 concertistica con quella didattica nelle pi\u00f9 importanti scuole di chitarra moderna. Conosciutissimo in campo internazionale, incide per l&#8217;Acoustic Music Records, la grande etichetta discografica tedesca di musica acustica, con la quale ha prodotto quest&#8217;anno il suo quarto album: &#8220;Melodies of Memories&#8221;. Con naturale predisposizione verso i generi tradizionali, Franco sembra aggiungere sempre qualcosa di nuovo ed originale ai suoi arrangiamenti. Ascoltare i suoi brani originali \u00e8 coinvolgersi in un&#8217;atmosfera di sentimenti ed emozioni.<\/p>\n<p style=\"text-align: justify;\"><strong>Alex De Grassi<\/strong><\/p>\n<p>dalla California il gradito ritorno di un massimo esponente della chitarra americana che da anni mancava sulle scene del nostro paese. La sua musica, cos\u00ec densa di poesia ed espressivit\u00e0, ha girato il mondo ed i riscontri discografici ne testimoniano, qualora ce ne fosse bisogno, il merito artistico e l&#8217;indiscussa notoriet\u00e0. Dal &#8217;78 le sue incisioni sono il riferimento per una generazione di appassionati di musica acustica e della migliore produzione New Age. Il suo brano &#8220;Western&#8217; \u00e8 diventato il manifesto della chitarra americana contemporanea e la rivista &#8220;Acoustic Guitar&#8221; lo ha inserito nella top-ten dei migliori interpreti del fingerstyle.<\/p>\n<p style=\"text-align: justify;\"><strong>Andrea Benzoni<\/strong><\/p>\n<p style=\"text-align: justify;\">avviato agli studi jazzistici da Howard Roberts durante i soggiorni negli USA, si perfeziona seguendo i seminari dei &#8220;maestri&#8221; Joe Pass, Jim Hall, J. Abercrombie fino ad arrivare ad una personalissima proposta artistica: un fingerstyle jazz molto evoluto e caratterizzato da arrangiamenti originali e coinvolgenti.<\/p>\n<p style=\"text-align: justify;\"><strong>Tom\u00e1s De Los Reyes<\/strong><\/p>\n<p style=\"text-align: justify;\">gitano andaluso di ceppo Rom questo straordinario chitarrista e &#8220;cantad\u00f2r&#8221; di flamenco si \u00e8 esibito ed ha insegnato in numerosi teatri ed auditori europei.Alla totale padronanza dello strumento unisce una profonda conoscenza della cultura musicale e popolare della sua terra e nei concerti propone brani tradizionali flamenchi quasi in via di estinzione.<\/p>\n<p style=\"text-align: justify;\"><strong>Armando Corsi &amp; Mario Arcari<\/strong><\/p>\n<p>un &#8220;duo&#8221; straordinario dove alla grande chitarra latina di Armando si unisce la grande tecnica e genialit\u00e0 dei fiati di Mario. Il risultato \u00e8 una perfetta fusione tra il cuore, il sentimento delle sonorit\u00e0 mediterranee-latine ed il miglior jazz moderno. Entrambi hanno collaborato o collaborano tuttora con i massimi ricercatori della musica italiana da Fabrizio De Andr\u00e8 ad Ivano Fossati ed il loro apporto \u00e8 stato in molti casi determinante per la bellezza e riuscita delle produzioni.<\/p>\n<p style=\"text-align: justify;\"><strong>Franco &amp; Stefano Cerri<\/strong><\/p>\n<p>prima e seconda generazione di &#8220;fuoriclasse&#8221; degli strumenti a corda. Franco Cerri,: un &#8220;mito&#8221; della chitarra jazz in Italia, negli anni &#8217;50-&#8217;60 ci faceva conoscere la lezione dei grandi maestri americani, evolvendo un suo stile personale e partecipando a numerosissime ensemble e jam sessions che sono nella storia della musica jazz e moderna nel nostro paese. Stefano Cerri, uno dei migliori bassisti oggi in Italia, \u00e8 molto attivo sia come concertista che come insegnante. E&#8217; richiestissimo dai pi\u00f9 importanti musicisti italiani per le sue grandi doti tecniche e di ricerca sullo strumento. Il suo lavoro nell&#8217;ultimo tour di Fabrizio De Andr\u00f2 \u00e8 stato straordinario.<\/p>\n<p style=\"text-align: justify;\"><strong>Stefano Tavernese &amp; Marco Manusso<\/strong><\/p>\n<p style=\"text-align: justify;\">&#8220;Doppio Dobro Star&#8221; \u00e8 il nome dell&#8217;unione di questi due musicisti, dove &#8220;dobro&#8221; \u00e8 il termine che fu inventato nel lontano 1928 dai fratelli Dopyera per designare lo strumento resofonico di loro invenzione. La performance \u00e8 quindi un omaggio a questa particolare chitarra ed agli stili che si sono sviluppati sulle sue corde. Marco Manusso collabora da molti anni con l&#8217;orchestra Italiana di Renzo Arbore ed \u00e8 uno dei pi\u00f9 richiesti turnisti in sala di incisione, nonch\u00e9 collaboratore di riviste mensili. Stefano Tavernese \u00e8 uno dei pi\u00f9 fantasiosi e creativi cultori dei vari generi musicali legati alla tradizione americana; ottimo polistrumentista, ha all&#8217;attivo numerose incisioni ed una collaborazione decennale con la rivista &#8220;Chitarre&#8221;.<\/p>\n<p style=\"text-align: justify;\"><strong>Paul Stowe<\/strong><\/p>\n<p>la &#8220;National Style 0&#8221; degli anni &#8217;30 di questo musicista americano trapiantato in Germania ci far\u00e0 ascoltare lo stile folk-blues dei grandi interpreti neri che hanno creato la leggenda di questo strumento e posto le basi per il blues moderno. Bottleneck, tecnica e tanto feeling!!<\/p>\n<p style=\"text-align: justify;\"><strong>Bob Brozman<\/strong><\/p>\n<p>Il n. 1 al mondo sugli strumenti resofonici, &#8220;the King of the National Guitar&#8221; come appare anche sul sito Internet. Nativo di New York, Bob scopr\u00ec il fascino delle chitarre &#8220;National&#8221; all&#8217;et\u00e0 di 14 anni e da allora la sua vita fu dedicata a loro. Studioso ed etnomusicologo ha esaminato con estrema dovizia le radici del Delta Blues e la storia ed il fascino della musica Hawaiana. Tutto ci\u00f2 \u00e8 riportato nei suoi concerti che sono un concentrato di tecnica impareggiabile sullo strumento ed autentiche &#8220;lezioni&#8221; di musica etnica. In continuo tour per il mondo \u00e8 ricercatissimo da radio, televisioni, universit\u00e0, teatri per la sua profonda conoscenza degli strumenti resofonici che, nel 1993, lo ha portato a scrivere il magnifico libro: &#8220;The history &amp; artistry of National resonator instruments&#8221;, una &#8220;Bibbia&#8221; per gli appassionati. Torna in Italia dopo molti anni ed \u00e8 un evento da non perdere!<\/p>\n<p>&nbsp;<\/p>\n","protected":false},"excerpt":{"rendered":"<p>Presentazione<\/p>\n<p style=\"text-align: justify;\">Siamo al 2&#8242; appuntamento con il Meeting Internazionale di Chitarra Acustica e la conferma di un progetto \u00e8 sempre pi\u00f9 difficile della nascita, l&#8217;alta qualit\u00e0 artistica, la splendida atmosfera nel Teatro ed il successo di pubblico e critica dello scorso anno, ci fanno comunque capire che la strada \u00e8 giusta e ben sperare per l&#8217;edizione 1999.<\/p>\n<p style=\"text-align: justify;\">Tre serate, anche questa volta, per gustare stili, tecniche, sonorit\u00e0 particolari uno strumento musicale meraviglioso ed affascinante, con artisti nazionali ed internazionali in continua ricerca di &#8230;<\/p>\n","protected":false},"author":1,"featured_media":0,"parent":1481,"menu_order":0,"comment_status":"open","ping_status":"closed","template":"","meta":{"footnotes":""},"class_list":["post-2274","page","type-page","status-publish","hentry"],"_links":{"self":[{"href":"https:\/\/acousticguitarvillage.net\/en\/wp-json\/wp\/v2\/pages\/2274","targetHints":{"allow":["GET"]}}],"collection":[{"href":"https:\/\/acousticguitarvillage.net\/en\/wp-json\/wp\/v2\/pages"}],"about":[{"href":"https:\/\/acousticguitarvillage.net\/en\/wp-json\/wp\/v2\/types\/page"}],"author":[{"embeddable":true,"href":"https:\/\/acousticguitarvillage.net\/en\/wp-json\/wp\/v2\/users\/1"}],"replies":[{"embeddable":true,"href":"https:\/\/acousticguitarvillage.net\/en\/wp-json\/wp\/v2\/comments?post=2274"}],"version-history":[{"count":0,"href":"https:\/\/acousticguitarvillage.net\/en\/wp-json\/wp\/v2\/pages\/2274\/revisions"}],"up":[{"embeddable":true,"href":"https:\/\/acousticguitarvillage.net\/en\/wp-json\/wp\/v2\/pages\/1481"}],"wp:attachment":[{"href":"https:\/\/acousticguitarvillage.net\/en\/wp-json\/wp\/v2\/media?parent=2274"}],"curies":[{"name":"wp","href":"https:\/\/api.w.org\/{rel}","templated":true}]}}