{"id":2278,"date":"2012-10-09T09:11:24","date_gmt":"2012-10-09T09:11:24","guid":{"rendered":"http:\/\/www.acousticguitarmeeting.net\/?page_id=2278"},"modified":"2012-10-09T09:11:24","modified_gmt":"2012-10-09T09:11:24","slug":"3-edition-2000-may","status":"publish","type":"page","link":"https:\/\/acousticguitarvillage.net\/en\/past-editions\/3-edition-2000-may\/","title":{"rendered":"3\u00b0 Edition &#8211; 2000, May"},"content":{"rendered":"<h3 style=\"text-align: justify;\">Presentazione<\/h3>\n<p style=\"text-align: justify;\"><a class=\"lightbox\" href=\"https:\/\/acousticguitarvillage.net\/wp-content\/uploads\/2012\/06\/3RDPP.gif\"><img loading=\"lazy\" decoding=\"async\" class=\"alignleft size-full wp-image-1126\" title=\"3edizione\" src=\"https:\/\/acousticguitarvillage.net\/wp-content\/uploads\/2012\/06\/3RDPP.gif\" alt=\"\" width=\"100\" height=\"91\" \/><\/a>3\u00b0 anno del &#8220;Meeting Internazionale di Chitarra Acustica&#8221; ed ancora abbiamo nelle orecchie le splendide note dei chitarristi della passata edizione e negli occhi i volti stupefatti del pubblico alla fine di ogni serata.<\/p>\n<p style=\"text-align: justify;\">Lo scorso anno cercavamo la conferma di questo progetto, ebbene, il successo in teatro e le critiche ampiamente positive, hanno superato le pi\u00f9 rosee aspettative.<br \/>\nOggi questa rassegna \u00e8 il principale appuntamento italiano della musica per chitarra acustica ed uno dei pi\u00f9 apprezzati in campo internazionale.<\/p>\n<p style=\"text-align: justify;\">Anche quest&#8217;anno tre serate nello &#8220;storico&#8221; Teatro Civico degli Impavidi, con straordinari chitarristi italiani, europei e d&#8217;oltre oceano che si confronteranno nei vari generi musicali, mostrandoci le tecniche pi\u00f9 svariate e le ricerche artistiche pi\u00f9 avanzate.<\/p>\n<p style=\"text-align: justify;\">Due sono le novit\u00e0 di questa terza edizione: nel teatro i concerti saranno preceduti da dimostrazioni didattiche di alcuni musicisti &#8220;maestri&#8221;, per la gioia e l&#8217;apprendimento di molti appassionati e, inoltre, il festival avr\u00e0 un&#8217;anteprima all&#8217;aperto.<br \/>\nNel centro di Sarzana, infatti, il pomeriggio di ogni giorno della manifestazione, avremo in concerto giovani e qualificati chitarristi della scena artistica nazionale, pronti ad avviarsi verso grandi carriere musicali; a seguire presentermo sul palco i grandi nomi che si esibiranno la sera in teatro.<\/p>\n<p style=\"text-align: justify;\">Sarzana per tre giorni &#8220;piccola capitale&#8221; della chitarra acustica, \u00e9 questo l&#8217;obiettivo che ci poniamo per quest&#8217;anno 2000.<\/p>\n<p style=\"text-align: justify;\">Ci sar\u00e0 come sempre da gioire, appassionarsi, stupirsi ed emozionarsi, non mancate all&#8217;appuntamento e buon ascolto!<\/p>\n<p style=\"text-align: right;\">Alla prossima e sempre pi\u00f9 ricca edizione.<br \/>\nAssociazione Culturale Armadillo Club<\/p>\n<p style=\"text-align: justify;\">Dedicato a tutti quei musicisti, e sono tanti, che nonostante anni di studio e di sofferenza sugli strumenti, nonch\u00e9 grande valenza artistica, devono accontentarsi delle &#8220;briciole&#8221; di un sistema affaristico-musicale profondamente sbagliato e dominato dai soliti noti, spesso mediocri. Proviamo ancora ad avere fiducia che qualcosa cambi.<\/p>\n<p>&nbsp;<\/p>\n<h3>Gli artisti<\/h3>\n<p style=\"text-align: justify;\"><strong>PEPPINO D&#8217;AGOSTINO<\/strong><\/p>\n<p>partito quindici anni fa per gli Stati Uniti per inseguire il suo sogno di compositore e concertista, D&#8217;Agostino \u00e8 stato definito dalla prestigiosa rivista statunitense &#8220;Acoustic Guitar&#8221; come &#8220;uno dei giganti della tecnica finger-style, capace di spaziare nelle sue composizioni dal flamenco al pop pi\u00f9 moderno con memorabili melodie e grandi virtuosismi&#8221;. Nell&#8217;area di S. Francisco, dove risiede abitualmente, continua la sua ricerca e l&#8217;espansione della sua fama, attraverso lavori discografici, collaborazioni e performance sempre pi\u00f9 raffinate.<\/p>\n<p style=\"text-align: justify;\"><strong>DUCK BAKER<\/strong><\/p>\n<p>30 anni di gloriosa carriera per una delle pi\u00f9 grandi leggende della chitarra acustica mondiale. Dai primi anni&#8217;70, quando insieme a Stefan Grossman e John Renbourn scriveva le prime storiche pagine di questo strumento e ne favoriva la diffusione, Duck ha continuato ad arrangiare e suonare sulle sei corde qualsiasi genere musicale: folk, blues, ragtime, jazz, musica classica. Tutto questo patrimonio \u00e8 stato trascritto in edizioni didattiche e filmato in video, fornendo a molti chitarristi linee guido di valenza assoluta. Le sue composizioni sono allo stesso tempo contributi significativi al repertorio della chitarra e fantastica musica da ascoltare.<\/p>\n<p style=\"text-align: justify;\"><strong>TOMMY EMMANUEL<\/strong><\/p>\n<p>&#8220;Ambasciatore della Musica&#8221; in Australia, tre dischi di platino per le vendite in Australia, Nuova Zelanda e Asia, candidatura al &#8220;Grammy&#8221; negli U.S.A., insieme a Chet Atkins per il C.D. &#8220;The Day Fingerpickers took over the world&#8221; tutto ci\u00f2 ed oltre \u00e8 Tommy Emmanuel. Ha collaborato con. S. Wonder, T. Turner, J.Armatrading, E Clapton, M. Bolton, C. Atkins, G. Martin, R. Ford, A. Lee,<br \/>\nL. Carlton e moltissime altre stars internazionali con una versatilit\u00e0 e un brillantezza uniche. E&#8217; improprio parlare di lui semplicemente come un chitarrista, perch\u00e9 la sua straordinaria tecnica e l&#8217;intelligente scrittura musicale sono guidate da profonde radici emozionali che imbevono tutti i suoi lavori discograf\u00ecci e dal vivo. Bellezza e vitalit\u00e0 raramente udite in musica strumentale di ogni tipo, che raggiungono il loro apice sul palco, dove tutto si combina in una miscela esplosiva di suoni, percussioni, genialit\u00e0 da lasciare attoniti gli ascoltatori.<\/p>\n<p style=\"text-align: justify;\"><strong>WALTER LUPI<\/strong><\/p>\n<p style=\"text-align: justify;\">proveniente dagli studi di chitarra classica al conservatorio di Alessandria, questo poliedrico musicista \u00e8 giunto ormai al suo terzo album da solista. Oltre ad espressioni etniche ed a raffinatezze timbriche, si pu\u00f2 intravedere nella sua musica una grande conoscenza della tecnologia applicata alla chitarra acustica: \u00e8 un maestro nell&#8217;utilizzo di &#8220;sequencer&#8221; e &#8220;synth&#8221; con i quali crea, in tempo reale, le basi su cui si snodano le sue attuali composizioni. Uno stile di &#8220;loop chitarristici&#8221; e interventi ritmici-percussivi con i quali sviluppa una nuova, affascinante ricerca.<\/p>\n<p style=\"text-align: justify;\"><strong>DARKO JURKOVIC<\/strong><\/p>\n<p style=\"text-align: justify;\">dalla Croazia uno dei pi\u00f9 apprezzati chitarristi europei, specializzato nella tecnica del cosiddetto &#8220;two hands tapping&#8221;, che prevede la percussione di entrambe le mani sulla tastiera, stratagemma che trasforma la chitarra in una specie di pianoforte. Il gusto polifonico e melodico, uniti al suo virtuosismo, gli hanno fatto guadagnare l&#8217;ammirazione della critica internazionale e le simpatie del pubblico. Nel suo repertorio ha inserito composizioni standard di autori contemporanei, di sua produzione e di musica classica, tutte arrangiate in chiave jazzistica e con questa sua particolare tecnica.<\/p>\n<p style=\"text-align: justify;\"><strong>PETER FINGER<\/strong><\/p>\n<p>qualsiasi persona sia fortemente interessata alla musica per chitarra acustica non pu\u00f2 ignorare il suo nome. Dagli a &#8217;70 ha sempre accresciuto la sua fama internazionale e la stampa lo ha inserito nel &#8220;pantheon&#8221; dei migliori chitarristi al mondo. 13 lavori discografici ed innumerevoli tourn\u00e8e in tutti i continenti sono il biglietto da visita di questo straordinario artista. Pochi musicisti riescono ad unire cos\u00ec bene virtuosit\u00e0, musicalit\u00e0, perfetta armonia e composizione. Da Debussy al rock o jazz, passando attraverso Ravel o Stravinsky l&#8217;attento ascoltatore pu\u00f2 comprendere la perfetta fusione di un linguaggio musicale globale. Peter Finger ha anche un altro importante ruolo nella musica acustica mondiale: \u00e8 il titolare dell&#8217;etichetta discografica &#8220;Acoustic Music Records&#8221;, per la quale ormai registrano e producono i pi\u00f9 grandi chitarristi acustici internazionali.<\/p>\n<p style=\"text-align: justify;\"><strong>ALESSANDRO VALLE<\/strong><\/p>\n<p style=\"text-align: justify;\">polistrumentista specializzato in chitarra slide dopo un proficuo periodo passato ad approfondire la propria esperienza musicale negli States, si presenta come uno dei pochi Italiani suonatori di &#8220;steelguitar&#8221; e conoscitori di chitarre resofoniche. Rappresentante del nostro paese all&#8217; &#8220;International Steel Guitar Convention&#8221; di St. Louis nel 1997, ha collaborato in studio e dal vivo con numerosi artisti internazionali. Presenter\u00e0 in concerto una serie di brani musicali utilizzando pedal steel, Waissenborn e National Resophonic, sia antiche che di nuova generazione.<\/p>\n<p style=\"text-align: justify;\"><strong>&#8220;FLACO&#8221; BIONDINI &amp; CLAUDIO TUMA<\/strong><\/p>\n<p style=\"text-align: justify;\">tango, milonga, canzone d&#8217;autore latino-americana, ma non solo, nel repertorio del duo di chitarra composto dall&#8217;italiano Claudio Tuma, apprezzato &#8220;sideman&#8221; di alcuni tra i pi\u00f9 bei nomi del pop italiano (Franco Simone, Giorgia, Aida Cooper) e dall&#8217;argentino Juan Carlos &#8220;Flaco&#8221; Biondini, ben noto al grande pubblico come insostituibile alter ego musicale del grande Francesco Guccini e collaboratore di altri noti cantautori (Vecchioni, Conte, Capossela) con all&#8217;attivo tre sue incisioni dedicate appunto al tango e alla milonga. Ecco quindi un repertorio chitarristico che spazia da Carlos Gardel ad Astor Piazzolla, dalle milonghe urbane della Buenos Aires di met\u00e0 secolo alla nuova canzone cubana, fino a comprendere alcuni brani composti dallo stesso &#8220;Flaco&#8221;.<\/p>\n<p style=\"text-align: justify;\"><strong>HARVEY REID<\/strong><\/p>\n<p>Per la prima volta in Italia il grande polistrumentista e cantautore Harvey Reid. In 30 anni di carriera, in ogni parte degli U.S.A., ha assorbito un vasto repertorio di musica folk Americana, rielaborandolo in uno stile personale e pieno di colori. I 13 albums da solista dimostrano la sua maestria in molti strumenti e stili della musica acustica, dal folk al country, dalla chitarra slide blues al bluegrass, passando per musica celtica, oldtime e ragtime.<br \/>\nHa vinto il &#8220;National Fingerpicking Guitar Competition&#8221; nel 1981 e l'&#8221;International Autoharp Contest&#8221; nel 1982, il suo album &#8220;Steel Drivin&#8217;Man&#8221; \u00e8 stato considerato dalla critica specializzata uno dei 10 C.D. essenziali della musica folk di tutti i tempi. Suona indistintamente: chitarra, banjo, mandolino, bouzouki, dobro e autoharp ed \u00e8 un intrattenitore sul palco straordinario! Non perdete l&#8217;occasione di ascoltare in concerto il &#8220;Master Minstrel&#8221;, suo soprannome pi\u00f9 che appropriato.<\/p>\n","protected":false},"excerpt":{"rendered":"<p>Presentazione<\/p>\n<p style=\"text-align: justify;\">3\u00b0 anno del &#8220;Meeting Internazionale di Chitarra Acustica&#8221; ed ancora abbiamo nelle orecchie le splendide note dei chitarristi della passata edizione e negli occhi i volti stupefatti del pubblico alla fine di ogni serata.<\/p>\n<p style=\"text-align: justify;\">Lo scorso anno cercavamo la conferma di questo progetto, ebbene, il successo in teatro e le critiche ampiamente positive, hanno superato le pi\u00f9 rosee aspettative.<br \/>\nOggi questa rassegna \u00e8 il principale appuntamento italiano della musica per chitarra acustica ed uno dei pi\u00f9 apprezzati in campo internazionale.<\/p>\n<p style=\"text-align: justify;\">Anche quest&#8217;anno &#8230;<\/p>\n","protected":false},"author":1,"featured_media":0,"parent":1481,"menu_order":0,"comment_status":"open","ping_status":"closed","template":"","meta":{"footnotes":""},"class_list":["post-2278","page","type-page","status-publish","hentry"],"_links":{"self":[{"href":"https:\/\/acousticguitarvillage.net\/en\/wp-json\/wp\/v2\/pages\/2278","targetHints":{"allow":["GET"]}}],"collection":[{"href":"https:\/\/acousticguitarvillage.net\/en\/wp-json\/wp\/v2\/pages"}],"about":[{"href":"https:\/\/acousticguitarvillage.net\/en\/wp-json\/wp\/v2\/types\/page"}],"author":[{"embeddable":true,"href":"https:\/\/acousticguitarvillage.net\/en\/wp-json\/wp\/v2\/users\/1"}],"replies":[{"embeddable":true,"href":"https:\/\/acousticguitarvillage.net\/en\/wp-json\/wp\/v2\/comments?post=2278"}],"version-history":[{"count":0,"href":"https:\/\/acousticguitarvillage.net\/en\/wp-json\/wp\/v2\/pages\/2278\/revisions"}],"up":[{"embeddable":true,"href":"https:\/\/acousticguitarvillage.net\/en\/wp-json\/wp\/v2\/pages\/1481"}],"wp:attachment":[{"href":"https:\/\/acousticguitarvillage.net\/en\/wp-json\/wp\/v2\/media?parent=2278"}],"curies":[{"name":"wp","href":"https:\/\/api.w.org\/{rel}","templated":true}]}}