{"id":2282,"date":"2012-10-09T09:12:58","date_gmt":"2012-10-09T09:12:58","guid":{"rendered":"http:\/\/www.acousticguitarmeeting.net\/?page_id=2282"},"modified":"2012-10-09T09:12:58","modified_gmt":"2012-10-09T09:12:58","slug":"4-edition-2001-may","status":"publish","type":"page","link":"https:\/\/acousticguitarvillage.net\/en\/past-editions\/4-edition-2001-may\/","title":{"rendered":"4\u00b0 Edition &#8211; 2001, May"},"content":{"rendered":"<h3 style=\"text-align: justify;\">Presentazione<\/h3>\n<p style=\"text-align: justify;\"><img loading=\"lazy\" decoding=\"async\" class=\"alignleft size-full wp-image-1129\" title=\"4edizione\" src=\"https:\/\/acousticguitarvillage.net\/wp-content\/uploads\/2012\/06\/4THPP.gif\" alt=\"\" width=\"100\" height=\"91\" \/>Siamo partiti quattro anni fa con molto coraggio nell&#8217;organizzare un festival totalmente dedicato alla chitarra acustica, consci delle pochissime opportunit\u00e0 che questo bellissimo strumento aveva per mettersi in mostra nel nostro paese. Nacque cos\u00ec l'&#8221;Acoustic Guitar International Meeting&#8221;, un appuntamento che permettesse a grandi chitarristi provenienti da tutto il mondo di confrontare la propria ricerca artistica, ognuno nel suo genere musicale, spaziando dal finger-picking al flat-picking, dal folk-blues al country, dal finger-style jazz alle ultime ricerche new-age e tecniche pi\u00f9 avanzate. Inoltre per il pubblico, una grande opportunit\u00e0 di vedere sul palco artisti che hanno fatto la storia di questo strumento e goderli in un contesto in cui provano grande soddisfazione e danno il loro meglio.<\/p>\n<p style=\"text-align: justify;\">Cos\u00ec nelle tre passate edizioni abbiamo visto all&#8217;opera ed applaudito Woody Mann, Tim Sparks, Bob Brozman, Alex De Grassi, Peppino D&#8217;Agostino, Peter Finger, Tommy Emmanuel, Paolo Giordano, Franco Morone, Armando Corsi, Duck Baker, Harvey Reid, Riccardo Zappa, Walter Lupi, Andrea Benzoni, Tomas De Los Reyes e molti altri ancora, l&#8217;elenco \u00e8 lunghissimo.<\/p>\n<p style=\"text-align: justify;\">In questa 4a edizione non ci limiteremo solo ai concerti, ma, ospitando l&#8217;8a Convention A.D.G.P.A. 2001, abbiamo instaurato con questa prestigiosa organizzazione di chitarristi ed appassionati una proficua e duratura collaborazione. Inoltre \u00e8 nostra intenzione far crescere in modo sostanziale tutto ci\u00f2 che ruota intorno al mondo della chitarra acustica.<\/p>\n<p style=\"text-align: justify;\">La 1a Esposizione Italiana di Liuteria Acustica permetter\u00e0 a molti liutai italiani di mettere in mostra le proprie splendide creazioni; per loro e per tutti quelli che interverranno ci sar\u00e0 la presenza e soprattutto le conferenze del maestro americano Harry Fleishman.<\/p>\n<p style=\"text-align: justify;\">La &#8220;Lizard&#8221; Accademia di Chitarra di Firenze presenter\u00e0 la sua attivit\u00e0 didattica ed editoriale nella quale \u00e8 leader da molti anni. Importanti aziende italiane di strumenti musicali come la Wilder di Willy Davoli e la Messiah Music Italia Srl ci mostreranno le splendide chitarre da loro importate: Larriv\u00e8e, Seagull, National, Maton, ecc.<\/p>\n<p style=\"text-align: justify;\">Per i visitatori durante il giorno ci sar\u00e0 da vedere, provare strumenti, seguire i seminari didattici, assistere ad esibizioni per poi, la sera, godere dei concerti dei grandi interpreti internazionali di chitarra.<\/p>\n<p style=\"text-align: justify;\">Insomma, il sogno di avere sotto lo stesso tetto tutto &#8220;l&#8217;universo&#8221; della chitarra acustica si st\u00e0 avverando, e che tetto! Nei tre giorni della manifestazione la nostra bellissima citt\u00e0, Sarzana, ci ospiter\u00e0 durante il giorno nella &#8220;Fortezza Firmafede&#8221;, castello del &#8216;400, e per i concerti serali nello splendido Teatro degli Impavidi, luogo ormai a noi molto caro.<\/p>\n<p style=\"text-align: justify;\">Non ci resta che aspettarvi per godere insieme dell'&#8221;Acoustic Guitar 4th International Meeting&#8221;.<\/p>\n<p style=\"text-align: right;\">Alessio Ambrosi<br \/>\nPresidente dell&#8217; Associazione Culturale Armadillo Club<\/p>\n<p style=\"text-align: justify;\">In ricordo di John Fahey, straordinario chitarrista, Stefano Cerri, grande bassista e gentiluomo ed Annibale Ambrosi, pianista e uomo di altri tempi.<\/p>\n<h3 style=\"text-align: justify;\">Programma e Artisti<br \/>\nMay 2001 &#8211; Friday 18th<\/h3>\n<p style=\"text-align: justify;\">10.30 a.m. \u2013 07.30 p.m. : Fortezza Firmafede &#8211; Sarzana (Free Entrance)<br \/>\nAcoustic Guitar Lutherie Exhibition, vintage, accessories, stages by &#8220;LIZARD&#8221; Academy of Guitar<\/p>\n<p style=\"text-align: justify;\">04.00 p.m. in concert:<br \/>\nLivio Guardi &amp; Fabio Ragghianti, Silvio Rosi, Bermuda Acoustic Trio.<br \/>\n06.00 p.m.: Conference of acoustic guitar lutherie by Harry Fleishman<br \/>\n09.30 p.m &#8211; 12.00 p.m. : IMPAVIDI THEATRE &#8211; SARZANA<\/p>\n<p style=\"text-align: justify;\">IMPAVIDI THEATRE &#8211; SARZANA<br \/>\n09.30 p.m &#8211; 12.00 p.m. in concert:<\/p>\n<p style=\"text-align: justify;\"><strong>Beppe Gambetta (IT) &amp; Dan Crary (US)<\/strong><\/p>\n<p style=\"text-align: justify;\">Un duo ormai consolidato quello che unisce il nostro pi\u00f9 grande chitarrista di tecnica flat-picking ed il leggendario maestro americano di questo stile. Beppe, ormai da molti anni, \u00e8 conosciuto in Europa come il principale divulgatore ed esecutore della tecniche per chitarra a plettro legate al folk americano. Il suo talento \u00e8 stato riconosciuto nei pi\u00f9 prestigiosi festival internazionali e in vari seminari in Europa, USA e Canada.<br \/>\nDan Crary, vicino al 40\u00b0 anniversario di carriera artistica, \u00e8 considerato uno dei migliori chitarristi ed interpreti della musica tradizionale americana. Dalle prime performance alla fine degli anni &#8217;50 ad oggi \u00e8 acclamato come un artista versatile, abile ad arrangiare sulla chitarra da mozart ai fiddle-tunes anglo-americani con estrema brillantezza e ricerca stilistica. Insieme sul palco sono un grande spettacolo di virtuosismo sullo strumento, divulgazione della tradizione folk americana e, non ultimo, intrattenimento eccellente: le loro continue gags sono irresistibili!<\/p>\n<p style=\"text-align: justify;\"><strong>Larry Conklin (US)<\/strong><\/p>\n<p style=\"text-align: justify;\">Nato a New York, \u00e8 specializzato nella tecnica di chitarra &#8220;slide&#8221; e finger-picking. Ha composto pi\u00f9 di cento pezzi per chitarra e collaborato con artisti di tutto il mondo: da musicisti cinesi ad africani, dal blues di John Hammond alle atmosfere di John Renbourn che trover\u00e0 in questa serata sullo stesso palco. Larry ha uno stile perfetto, una tecnica esperta ed una voce forte e melodiosa. E&#8217; bravissimo a suonare con il bottleneck e anche con il suo finger-picking ottiene un risultato eccezionale. La sua interpretazione del country- blues va ascoltata, mostra un&#8217;immensa eccitazione ritmica dove \u00e8 necessario e allo stesso tempo riservatezza e controllo emotivo: talvolta la sua chitarra suona davvero come una vecchia locomotiva a vapore&#8230;.<\/p>\n<p style=\"text-align: justify;\"><strong>John Renbourn (UK)<\/strong><\/p>\n<p style=\"text-align: justify;\">Solo pronunciare il suo nome vale qualsiasi presentazione. Uno dei pi\u00f9 grandi musicisti viventi, una leggenda della chitarra riconosciuta in tutto il mondo. Il suo stile fonde perfettamente la musica folk britannica con elementi di country-blues, jazz moderno, ragtime, musica classica e pre-rinascimentale. I numerosi albums solisti di musica medioevale, le registrazioni in duo con chitarristi come Bert Jansch, Stefan Grossman, Duck Baker ed infine i cinque anni di lavoro con il leggendario gruppo di folk britannico &#8220;Pentangle&#8221; mostrano tutti le stesse caratteristiche: linee musicali liriche ed innovative eseguite con una finezza che rende il suo stile immediatamente riconoscibile. Un grande onore averlo finalmente sul palco del Teatro degli Impavidi.<\/p>\n<p style=\"text-align: justify;\">Tickets: \u00a3.20.000<\/p>\n<h3 style=\"text-align: justify;\">May 2001- Saturday 19th<br \/>\n10.30 a.m. \u2013 07.30 p.m. : Fortezza Firmafede &#8211; Sarzana (Free Entrance)<\/h3>\n<p style=\"text-align: justify;\">Acoustic Guitar Lutherie Exhibition, vintage, accessories, stages by &#8220;LIZARD&#8221; Academy of Guitar<\/p>\n<p style=\"text-align: justify;\">04.00 p.m. in concert:<br \/>\nLeo Izzo, Swing Strings, Edoardo Bignozzi, Giangi Sainato<\/p>\n<p style=\"text-align: justify;\">06.00 p.m.: Conference of acoustic guitar lutherie by Harry Fleishman<\/p>\n<p style=\"text-align: justify;\">IMPAVIDI THEATRE &#8211; SARZANA<br \/>\n09.30 p.m. &#8211; 12.00 p.m. in concert:<\/p>\n<p style=\"text-align: justify;\"><strong>Paolo Giordano (IT)<\/strong><\/p>\n<p style=\"text-align: justify;\">Un grande ritorno! Il pi\u00f9 particolare e raffinato chitarrista acustico italiano, in continua ricerca di sonorit\u00e0 originali. Tourn\u00e9e in Europa e negli USA, dove si \u00e8 esibito a fianco di grandi strumentisti internazionali, sorprendendo tutti per la sua unicit\u00e0 e genialit\u00e0. A gennaio \u00e8 stato ospite di successo della &#8220;All star guitar night&#8221; durante il Namm di Los Angeles. Torna a Sarzana a presentare il suo ultimo lavoro discografico riservandoci anche qualche sorpresa sul palco&#8230;.<\/p>\n<p style=\"text-align: justify;\"><strong>Paolo Bonfanti &amp; Fabio Treves (IT)<\/strong><\/p>\n<p style=\"text-align: justify;\">Un ottimo chitarrista di country-blues ed un grande armonicista che ormai appartiene alla storia del &#8220;Blues made in Italy&#8221;. Paolo Bonfanti ha suonato con le migliori bands della scena country-rock-blues italiana, collaborato con le leggende viventi del British-Blues, aperto concerti ad artisti internazionali ed ora \u00e8 avviato ad una splendida carriera solista con alcune pubblicazioni discografiche ottime a cui si affianca un&#8217;intensa attivit\u00e0 didattica e produzione artistica. Fabio Treves in quasi venticinque anni di carriera ha realizzato 10 lavori discografici, collaborazioni prestigiose, scritto due guide del blues e diviso il palco con stelle come Peter Tosh, Stevie Ray Vaughan, Little Steven, Frank Zappa e molti altri. In Italia parlare di blues significa parlare di Treves ed all&#8217;estero ha suonato nei pi\u00f9 importanti festival del settore con le grandi leggende &#8220;nere&#8221;. Una chitarra ed una armonica per un momento di grande &#8220;feeling&#8221; all&#8217;interno della nostra rassegna.<\/p>\n<p style=\"text-align: justify;\"><strong>Ed Gerhard (US)<\/strong><\/p>\n<p style=\"text-align: justify;\">Con ispirazioni musicali da Andr\u00e8s Segovia a Mississippi John Hurt, Ed ha creato una propria &#8220;voce&#8221; per chitarra ben riconoscibile ed apprezzata in tutto il mondo. Conosciuto per l&#8217;estrema profondit\u00e0 delle sue composizioni, pu\u00f2 emozionare gli ascoltatori anche con una singola nota. Scott Alarik del &#8220;Boston Globe&#8221; descrive benissimo il suo stile: &#8220;Gerhard non scrive brani strumentali, egli scrive canzoni che solamente una chitarra pu\u00f2 cantare&#8221;. Originario del New England, inizia le sue sperimentazioni usando le accordature aperte sulle orme del grande John Fahey e trova ben presto una sua particolare vena compositiva sulla chitarra a 6 corde, su quella a 12 e sulla &#8220;Lap Steel&#8221; Hawaiana. Dopo sette pubblicazioni discografiche, tourn\u00e9e in tutto il mondo, importanti commenti su tutte le pi\u00f9 prestigiose riviste musicali ed una chitarra che porta il suo nome, Ed Gerhard arriva per la prima volta al festival di Sarzana, un grande evento.<\/p>\n<p style=\"text-align: justify;\">Tickets: \u00a3.20.000<\/p>\n<h3 style=\"text-align: justify;\">May 2001 &#8211; Sunday 20th<br \/>\n10.30 a.m. \u2013 07.30 p.m. : Fortezza Firmafede &#8211; Sarzana (Free Entrance)<\/h3>\n<p style=\"text-align: justify;\">Acoustic Guitar Lutherie Exhibition, vintage, accessories, stages by &#8220;LIZARD&#8221; Academy of Guitar<\/p>\n<p style=\"text-align: justify;\">A.D.G.P.A. Italian Convention 2001:<br \/>\nPietro Nobile, Alberto Grollo, Rodolfo Maltese, Paolo Canola, Roberto Bettelli, Walter Lupi, Davide Facchini &amp; Anita Camarella, etc&#8230;<\/p>\n<p style=\"text-align: justify;\">IMPAVIDI THEATRE &#8211; SARZANA<br \/>\n09.30 p.m &#8211; 12.00 p.m. in concert:<\/p>\n<p style=\"text-align: justify;\"><strong>Muriel Anderson (US)<\/strong><\/p>\n<p style=\"text-align: justify;\">E&#8217; una delle rare figure femminili della scena chitarristica internazionale; vive a Nashville ed \u00e8 molto conosciuta dagli appassionati d&#8217;oltreoceano. Ha studiato con Christopher Parkening, uno dei pi\u00f9 grandi chitarristi classici americani e con il mito vivente del finger-style Chet Atkins. Svolge un&#8217;intensa attivit\u00e0 concertistica ed ha pubblicato sei albums negli States, tre in Giappone, due video e numerosi libri didattici. Ha vinto il National Fingerpicking Guitar Championship nel &#8217;93 ed organizza ogni anno il festival &#8220;All Star Guitar Night&#8221; giunto alla 7a edizione. La sua cassetta &#8220;Heartstrings&#8221; ha accompagnato gli astronauti in orbita nella missione Space Shuttle, viaggiando quindi a 2,5 milioni di miglia lontano dalla terra&#8230;.. si pu\u00f2 sicuramente affermare che la sua musica ne ha fatta di strada!<\/p>\n<p style=\"text-align: justify;\"><strong>Superpickers (FR)<\/strong><\/p>\n<p style=\"text-align: justify;\">Patrice Jania, Antoine Tatich, Eric Gombard, Bruno Mursic, provenienti da quattro angoli della Francia, Corsica compresa: questi sono i Superpickers. Quattro chitarristi di differente estrazione, ma di enorme talento, dai quali nasce una miscela esplosiva di varie tecniche e ricerche artistiche. Un supergruppo formatosi sulle influenze del grande e compianto Marcel Dadi e da lui incoraggiato alla scrittura musicale ed alla ricerca della fusione di molti stili chitarristici: sentiremo del jazz, blues, country, ragtime, latino, musica classica e scopriremo quattro musicisti che hanno nelle Convention A.D.G.P.A. mondiali il loro terreno ideale per esibirsi.<\/p>\n<p style=\"text-align: justify;\"><strong>Jim &amp; Morning Nichols (US)<\/strong><\/p>\n<p style=\"text-align: justify;\">Sono per la prima volta in Italia questi due straordinari musicisti statunitensi. Jim Nichols \u00e8, da molti anni, uno dei pi\u00f9 grandi chitarristi di finger-style jazz, un virtuoso della 6 corde che ha registrato e suonato con musicisti come Chet Atkins, Art Pepper, Ernie Watts, Toots Thielemans, Tom Waits, Tommy Emmanuel. etc. Il suo stile \u00e8 un misto di destrezza sullo strumento e fantasia improvvisativa. Morning Nichols \u00e8 un&#8217;attraente e vivace cantante, la cui voce \u00e8 cos\u00ec calda ed intensa da provocare profonde emozioni. Ha una splendida carriera all&#8217;attivo con performance di successo in clubs e festival tra i pi\u00f9 importanti al mondo, come per esempio il Monterey Jazz Festival, e tiene continuamente seminari di canto jazz in Europa e negli Stati Uniti. In pochi sanno cantare lo &#8220;swing&#8221; come lei! Insieme dal 1982, Jim e Morning hanno registrato 4 cd di successo e suonato dall'&#8221;Olympia&#8221; di Parigi al Chet Atkins Appreciaction Society di Nashville, con &#8220;grandi magie&#8221; sulla chitarra e nella voce. Benvenuti!<\/p>\n<p style=\"text-align: justify;\">Tickets: \u00a3.20.000<\/p>\n","protected":false},"excerpt":{"rendered":"<p>Presentazione<\/p>\n<p style=\"text-align: justify;\">Siamo partiti quattro anni fa con molto coraggio nell&#8217;organizzare un festival totalmente dedicato alla chitarra acustica, consci delle pochissime opportunit\u00e0 che questo bellissimo strumento aveva per mettersi in mostra nel nostro paese. Nacque cos\u00ec l&#8217;&#8221;Acoustic Guitar International Meeting&#8221;, un appuntamento che permettesse a grandi chitarristi provenienti da tutto il mondo di confrontare la propria ricerca artistica, ognuno nel suo genere musicale, spaziando dal finger-picking al flat-picking, dal folk-blues al country, dal finger-style jazz alle ultime ricerche new-age e tecniche pi\u00f9 avanzate. Inoltre per &#8230;<\/p>\n","protected":false},"author":1,"featured_media":0,"parent":1481,"menu_order":0,"comment_status":"open","ping_status":"closed","template":"","meta":{"footnotes":""},"class_list":["post-2282","page","type-page","status-publish","hentry"],"_links":{"self":[{"href":"https:\/\/acousticguitarvillage.net\/en\/wp-json\/wp\/v2\/pages\/2282","targetHints":{"allow":["GET"]}}],"collection":[{"href":"https:\/\/acousticguitarvillage.net\/en\/wp-json\/wp\/v2\/pages"}],"about":[{"href":"https:\/\/acousticguitarvillage.net\/en\/wp-json\/wp\/v2\/types\/page"}],"author":[{"embeddable":true,"href":"https:\/\/acousticguitarvillage.net\/en\/wp-json\/wp\/v2\/users\/1"}],"replies":[{"embeddable":true,"href":"https:\/\/acousticguitarvillage.net\/en\/wp-json\/wp\/v2\/comments?post=2282"}],"version-history":[{"count":0,"href":"https:\/\/acousticguitarvillage.net\/en\/wp-json\/wp\/v2\/pages\/2282\/revisions"}],"up":[{"embeddable":true,"href":"https:\/\/acousticguitarvillage.net\/en\/wp-json\/wp\/v2\/pages\/1481"}],"wp:attachment":[{"href":"https:\/\/acousticguitarvillage.net\/en\/wp-json\/wp\/v2\/media?parent=2282"}],"curies":[{"name":"wp","href":"https:\/\/api.w.org\/{rel}","templated":true}]}}