{"id":2284,"date":"2012-10-09T09:13:44","date_gmt":"2012-10-09T09:13:44","guid":{"rendered":"http:\/\/www.acousticguitarmeeting.net\/?page_id=2284"},"modified":"2012-10-09T09:13:44","modified_gmt":"2012-10-09T09:13:44","slug":"5-edition-2002-may","status":"publish","type":"page","link":"https:\/\/acousticguitarvillage.net\/en\/past-editions\/5-edition-2002-may\/","title":{"rendered":"5\u00b0 Edition &#8211; 2002, May"},"content":{"rendered":"<h2>Presentazione<\/h2>\n<p style=\"text-align: justify;\"><img loading=\"lazy\" decoding=\"async\" class=\"alignleft size-full wp-image-1133\" title=\"5edizione\" src=\"https:\/\/acousticguitarvillage.net\/wp-content\/uploads\/2012\/06\/LOGO5PP.gif\" alt=\"\" width=\"100\" height=\"91\" \/>I primi cinque anni dell\u2019 Acoustic Guitar International Meeting di Sarzana sono trascorsi tra esibizioni dei migliori chitarristi acustici in attivit\u00e0, entusiasmo dei moltissimi appassionati intervenuti e grande soddisfazione di tutti gli attori protagonisti della manifestazione.<br \/>\nIl successo \u00e8 stato straordinario: l\u2019esposizione di liuteria, i seminari didattici e i concerti hanno fatto registrare il tutto esaurito.<\/p>\n<p style=\"text-align: justify;\">Per il 5\u00b0 compleanno, quello del maggio 2002, le aspettative sono ancora maggiori. Il numero degli espositori cresce, dimostrando cos\u00ec l\u2019interesse a partecipare ad una manifestazione di settore ben articolata e frequentata da un pubblico attento e specializzato.<br \/>\nLa presenza del liutaio americano Bob Benedetto e le sue conferenze saranno particolarmente gradite agli addetti ai lavori e non. La Lizard Accademia di Chitarra di Giovanni Unterberger amplier\u00e0 la parte didattica con la presenza di tutti i migliori &#8220;maestri&#8221; e l\u2019editoria pi\u00f9 qualificata. Per la seconda volta consecutiva ospiteremo la Convention Internazionale dell\u2019A.D.G.P.A Italiana , rinnovando una proficua collaborazione e riservandole uno spazio maggiore all\u2019interno della Fortezza Firmafede . La rivista specializzata Chitarre seguir\u00e0 da vicino tutta la manifestazione, riportando sulle sue pagine i momenti salienti e le interviste ai protagonisti.<\/p>\n<p style=\"text-align: justify;\">Abbiamo voluto ricambiare tutto questo interesse con un programma di concerti di grande impegno e spettacolarit\u00e0 nelle tre serate al Teatro degli Impavidi. Riteniamo che i nomi dei musicisti presenti, riportati nella pagina artisti, possano soddisfare tutte le aspettative, in quanto rappresentano svariati generi chitarristici: dal fingerstyle al flatpicking, dalle chitarre resofoniche alle semiacustiche, sconfinando qualche volta in altri territori quali quello del basso elettrico e di altri strumenti a corde.<br \/>\nAscolteremo del blues, bluegrass, country, jazz, pop, musica etnica e soprattutto apprezzeremo gli straordinari arrangiamenti sugli strumenti di questi maestri indiscussi nel mondo; \u00e8 quasi incredibile come oggi sulla chitarra possa essere suonata una musica universale.<\/p>\n<p style=\"text-align: justify;\">Ad attendere tutti coloro che vorranno partecipare ci sar\u00e0 la citt\u00e0 di Sarzana , con la bellezza architettonica della Fortezza Firmafede e del Teatro degli Impavidi , senza dimenticare la vicinanza del mare e dello splendido Golfo dei Poeti. A tutti forniremo assistenza ed indicazioni per la migliore sistemazione attraverso differenti convenzioni alberghiere<\/p>\n<h3 style=\"text-align: justify;\">Programma e Artisti<\/h3>\n<h3>~ PROGRAM ~<br \/>\n2002 Friday May 17<br \/>\n11.00 a.m. \u2013 08.30 p.m. : FORTEZZA FIRMAFEDE &#8211; Sarzana (Free Entrance)<\/h3>\n<p style=\"text-align: justify;\">Acoustic Guitar Lutherie Exhibition, Import, Vintage, Accessories<br \/>\nStages by &#8220;LIZARD&#8221; Academy of Guitar<br \/>\n04.00 p.m. in concert: Andrea Lupi &amp; Oscar Bauer, Andrea Mele, Max Panconi &amp; The Ekosonic<br \/>\n03.00 p.m. : Conference of guitar lutherie by Bob Benedetto<\/p>\n<p style=\"text-align: justify;\">09.30 p.m. : IMPAVIDI THEATRE &#8211; SARZANA<\/p>\n<p style=\"text-align: justify;\">Main concerts:<br \/>\nMAURO PAGANI &amp; GIORGIO CORDINI (ITA)<br \/>\nWOODY MANN (USA)<br \/>\nBOB BROZMAN (USA)<\/p>\n<p style=\"text-align: justify;\">Tickets: Euro 12<\/p>\n<h3 style=\"text-align: justify;\">2002 Saturday May 18<br \/>\n11.00 a.m. \u2013 08.30 p.m. : FORTEZZA FIRMAFEDE &#8211; Sarzana (Free Entrance)<\/h3>\n<p style=\"text-align: justify;\">Acoustic Guitar Lutherie Exhibition, Import, Vintage, Accessories<br \/>\nStages by &#8220;LIZARD&#8221; Academy of Guitar<br \/>\n03.00 p.m. : Conference of guitar lutherie by Bob Benedetto<br \/>\n04.00 p.m. in concert: Simone Ricci, Bermuda Acoustic Trio, Michael Manring, Giovanni Pelosi<\/p>\n<p style=\"text-align: justify;\">09.30 p.m. : IMPAVIDI THEATRE &#8211; SARZANA<\/p>\n<p style=\"text-align: justify;\">Main concerts:<br \/>\nLUIGI GRECHI (ITA)<br \/>\nED GERHARD (USA)<br \/>\nMICHAEL MANRING (USA) &amp; PAOLO GIORDANO (ITA)<br \/>\nPETER ROWAN (USA)<br \/>\nInterventi di danza e coreografie di Arianna Palazzo<br \/>\nTickets: Euro 12<\/p>\n<h3 style=\"text-align: justify;\">2002 Sunday May 19<br \/>\n11.00 a.m. \u2013 07.30 p.m. : FORTEZZA FIRMAFEDE &#8211; Sarzana (Free Entrance)<\/h3>\n<p style=\"text-align: justify;\">Acoustic Guitar Lutherie Exhibition, Import, Vintage, Accessories<br \/>\nStages by &#8220;LIZARD&#8221; Academy of Guitar<br \/>\n04.00 p.m. in concert: Dago Red, Toni Balocco<\/p>\n<p style=\"text-align: justify;\">A.D.G.P.A. International Convention 2002:<br \/>\nGiovanni Palombo, Daniele Bazzani, Augusto D&#8217;Antonio, Giulio Redaelli, Claudio Rudella, Guido Schiraldi, Paolo Sereno, Socrate Verona, Giovanni Monteforte, Riccardo Bianchi, Edgar Cruz<\/p>\n<p style=\"text-align: justify;\">09.30 p.m : IMPAVIDI THEATRE &#8211; SARZANA<\/p>\n<p style=\"text-align: justify;\">Main concerts:<br \/>\nRICCARDO BIANCHI &amp; GIOVANNI MONTEFORTE<br \/>\nEDGAR CRUZ (USA)<br \/>\nED GERHARD (USA)<br \/>\nTOMMY EMMANUEL (AUS)<\/p>\n<p style=\"text-align: justify;\">Tickets: Euro 12<\/p>\n<p style=\"text-align: justify;\">~ ARTISTI ~<\/p>\n<h3 style=\"text-align: justify;\">VENERDI 17 MAGGIO<br \/>\nore 21,30 TEATRO DEGLI IMPAVIDI in concerto:<br \/>\nMAURO PAGANI &amp; GIORGIO CORDINI<\/h3>\n<p style=\"text-align: justify;\">Il primo un nome storico della musica italiana moderna: dagli esordi e le sperimentazioni con la Premiata Forneria Marconi alle straordinarie collaborazioni con Fabrizio De Andr\u00e8 , ha creato capolavori come Creuza De M\u00e0 e altre suggestive atmosfere di musica etnica. E\u2019 un maestro nell\u2019uso di svariati e particolari strumenti a corde di diversa provenienza. Il secondo \u00e8 un chitarrista acustico che ama arrangiare sulla sei corde la canzone d\u2019autore riuscendo a coglierne le melodie piene di significati ed emozioni. Anche nelle composizioni personali la sua tecnica \u00e8 piena di sfumature melodiche, arricchite dagli interventi strumentali di Mauro.<\/p>\n<p style=\"text-align: justify;\"><strong>WOODY MANN (USA)<\/strong><\/p>\n<p style=\"text-align: justify;\"><a class=\"lightbox\" href=\"https:\/\/acousticguitarvillage.net\/wp-content\/uploads\/2012\/06\/Woody1.jpg\"><img loading=\"lazy\" decoding=\"async\" class=\"alignleft size-full wp-image-648\" title=\"Woody\" src=\"https:\/\/acousticguitarvillage.net\/wp-content\/uploads\/2012\/06\/Woody1.jpg\" alt=\"\" width=\"129\" height=\"160\" \/><\/a>Uno dei pi\u00f9 grandi chitarristi acustici, allievo del maestro Rev. Gary Davis , ha da lui imparato e perfezionato le tecniche blues, swing e ragtime, arricchendole con le armonie jazz.<br \/>\nAutore di moltissime trascrizioni dei vecchi bluesman, tra cui quelle di Robert Johnson, \u00e8 un finissimo esecutore e dotato di una calda voce per interpretare la tradizione della musica &#8220;nera&#8221;.<br \/>\nAlterna l\u2019attivit\u00e0 di performer con quella di insegnante che lo ha portato a fondare una delle pi\u00f9 importanti organizzazioni didattiche, the Guitar Seminars .<\/p>\n<p style=\"text-align: justify;\"><strong>BOB BROZMAN (USA)<\/strong><\/p>\n<p style=\"text-align: justify;\"><a class=\"lightbox\" href=\"https:\/\/acousticguitarvillage.net\/wp-content\/uploads\/2012\/06\/Brozman1.jpg\"><img loading=\"lazy\" decoding=\"async\" class=\"alignleft size-full wp-image-647\" title=\"Brozman\" src=\"https:\/\/acousticguitarvillage.net\/wp-content\/uploads\/2012\/06\/Brozman1.jpg\" alt=\"\" width=\"136\" height=\"160\" \/><\/a>The King of National Guitar, il pi\u00f9 grande suonatore al mondo di chitarre resofoniche, nella sua straordinaria miscellanea di musica etnica blues, africana, hawaiana, asiatica, ecc. Decine di produzioni discografiche con musicisti di tutti i continenti ed in continui viaggi di ricerca e performance ovunque.<br \/>\nStudioso ed etnomusicologo \u00e8 richiestissimo da radio, televisioni, universit\u00e0 per la sua profonda conoscenza degli strumenti resofonici e della musica etnica in genere.<br \/>\nEntertainer sublime tra virtuosit\u00e0 tecniche e gags irresistibili, rende ogni suo concerto un evento indimenticabile.<br \/>\nWoody Mann &amp; Bob Brozman presenteranno il loro ultimo CD realizzato insieme: &#8221; Get Together &#8220;<\/p>\n<h3 style=\"text-align: justify;\">SABATO 18 MAGGIO<br \/>\nore 21,30 TEATRO DEGLI IMPAVIDI in concerto:<\/h3>\n<p style=\"text-align: justify;\"><strong>LUIGI GRECHI<\/strong><br \/>\nQuesto chitarrista-autore ispirato dalla tradizione folk americana sembra una leggenda, almeno nel senso che i mass media si sono occupati di lui in maniera per lo pi\u00f9 obliqua e discontinua e semmai il suo nome circola di bocca in bocca in una setta di irriducibili appassionati della canzone d\u2019autore.<br \/>\nNeanche l\u2019attribuzione della targa per la migliore canzone dell\u2019anno alla sua &#8221; Il bandito e il campione &#8221; al Premio Tenco nel 1993 gli varr\u00e0 una grande notoriet\u00e0 commerciale e tutti ricordano questa canzone perch\u00e9 portata al successo da suo fratello Francesco De Gregori . Ma Luigi a noi piace anche perch\u00e9 ottimo chitarrista nella pi\u00f9 classica tradizione folk-bluegrass \u00e8 sar\u00e0 un piacere vederlo duettare con Peter Rowan .<\/p>\n<p style=\"text-align: justify;\"><strong>ED GERHARD (USA)<\/strong><\/p>\n<p style=\"text-align: justify;\"><a class=\"lightbox\" href=\"https:\/\/acousticguitarvillage.net\/wp-content\/uploads\/2012\/06\/EDP2.jpg\"><img loading=\"lazy\" decoding=\"async\" class=\"alignleft size-full wp-image-646\" title=\"EDP2\" src=\"https:\/\/acousticguitarvillage.net\/wp-content\/uploads\/2012\/06\/EDP2.jpg\" alt=\"\" width=\"150\" height=\"149\" \/><\/a>Tanto \u00e8 stato il successo nella passata edizione da non poter fare a meno di invitarlo anche nel 2002. La sua risposta \u00e8 stata piena di entusiasmo, pari al suo amore per l\u2019Italia.<br \/>\nCon ispirazioni da Andr\u00e8s Segovia a Mississippi John Hurt , Ed ha creato una propria voce per chitarra, ben riconoscibile ed apprezzata in tutto il mondo, con una particolare vena compositiva sia sulla sei corde che sulla 12, senza dimenticare la Lap Steel Hawaiana .<br \/>\nCos\u00ec dopo otto pubblicazioni discografiche, tourn\u00e9e in tutti i continenti e grande stima della stampa specializzata, Ed Gerhard ritorna a Sarzana per la felicit\u00e0 di tutti gli appassionati.<\/p>\n<p style=\"text-align: justify;\"><strong>MICHAEL MANRING (USA) &amp; PAOLO GIORDANO<\/strong><\/p>\n<p style=\"text-align: justify;\"><a class=\"lightbox\" href=\"https:\/\/acousticguitarvillage.net\/wp-content\/uploads\/2012\/06\/PAOLO4.gif\"><img loading=\"lazy\" decoding=\"async\" class=\"alignleft size-full wp-image-645\" title=\"PAOLO4\" src=\"https:\/\/acousticguitarvillage.net\/wp-content\/uploads\/2012\/06\/PAOLO4.gif\" alt=\"\" width=\"149\" height=\"123\" \/><\/a>The Hottest Bassist today! Questa \u00e8 la presentazione di Michael Manring , californiano, l\u2019astro del basso elettrico odierno. In un festival totalmente dedicato alla chitarra solo un virtuoso come lui poteva farci dimenticare per un po\u2019 le sei corde. Del resto con l\u2019etichetta Windham Hill ha scritto le pi\u00f9 importanti pagine della musica acustica, a fianco di Michael Hedges , Alex De Grassi , William Ackerman e passando con estrema facilit\u00e0 alla musica d\u2019autore di John Gorka . Tecnica straordinaria e sperimentazioni su chitarre basso da lui progettate, forma con Paolo Giordano una coppia di funamboli sulle corde, capaci di raffinatezze e sonorit\u00e0 originali.<br \/>\nPer Paolo un gradito ritorno a Sarzana ed una conferma della sua grandezza tra i chitarristi italiani.<\/p>\n<p style=\"text-align: justify;\"><strong>PETER ROWAN (USA)<\/strong><\/p>\n<p style=\"text-align: justify;\"><a class=\"lightbox\" href=\"https:\/\/acousticguitarvillage.net\/wp-content\/uploads\/2012\/06\/ROWANP.jpg\"><img loading=\"lazy\" decoding=\"async\" class=\"alignleft size-full wp-image-644\" title=\"ROWANP\" src=\"https:\/\/acousticguitarvillage.net\/wp-content\/uploads\/2012\/06\/ROWANP.jpg\" alt=\"\" width=\"150\" height=\"154\" \/><\/a>Una leggenda, il musicista che ha attraversato tutta l\u2019era della musica bluegrass americana. Dagli esordi con il mitico Bill Monroe , passando per i Muleskinner fino a Bluegrass Boy , Peter \u00e8 considerato la pi\u00f9 grande voce del country -bluegrass e del tex-mex. Nella sua strepitosa carriera ha collaborato con David Grisman , Jerry Garcia , Clarence White , Flaco Jimenez , Ry Cooder , Jerry Douglas , Ricky Skaggs e altri monumenti della musica americana. La sua produzione discografica \u00e8 infinita, frutto di un percorso artistico che parte dai primi anni \u201960 e sembra ancora inarrestabile, con concerti in tutto il mondo.<br \/>\nLe sue composizioni, anche nel pieno rispetto della tradizione, riflettono una freschezza inimmaginabile, anzi delineano nuove vie alla musica bluegrass contemporanea. Ottimo mandolinista e chitarrista Peter ha avuto l\u2019onore di avere un modello con la sua firma dalla mitica chitarra acustica Martin .<br \/>\nNel corso della serata interventi di danza e coreografie di ARIANNA PALAZZO<\/p>\n<h3 style=\"text-align: justify;\">DOMENICA 19 MAGGIO<br \/>\nore 21,30 TEATRO DEGLI IMPAVIDI in concerto:<\/h3>\n<p style=\"text-align: justify;\"><strong>RICCARDO BIANCHI &amp; GIOVANNI MONTEFORTE<\/strong><br \/>\nDue dei maggiori esponenti della chitarra jazz in Italia. Il primo, nato nell\u2019orchestra di Giorgio Gaslini , ha suonato con alcuni dei nomi pi\u00f9 prestigiosi del jazz, da Enrico Rava a Franco Cerri a Paolo Fresu e collaborato con artisti stranieri quali Lee Konitz , Gerry Mulligan , Dave Holland , Trilok Gurtu . Il suo progetto sulla musica di Django Reinhardt sta incontrando ovunque successo ed approvazione della critica specializzata.<br \/>\nGiovanni Monteforte predilige sonorit\u00e0 morbide e atmosfere rarefatte nel solco della chitarra degli anni \u201950, improntate alla tradizione Cool e Free . E\u2019 docente presso i civici corsi di jazz di Milano, alternando la carriera didattica con esibizioni eccellenti, dove presenta molte sue composizioni originali.<br \/>\nUn duo di grande spessore tecnico che gi\u00e0 dal pomeriggio, nei seminari, ci presenter\u00e0 l\u2019attuale ricerca nel campo della chitarra jazz.<\/p>\n<p style=\"text-align: justify;\"><strong>EDGAR CRUZ (USA)<\/strong><\/p>\n<p style=\"text-align: justify;\"><a class=\"lightbox\" href=\"https:\/\/acousticguitarvillage.net\/wp-content\/uploads\/2012\/06\/CRUZP.jpg\"><img loading=\"lazy\" decoding=\"async\" class=\"alignleft size-full wp-image-643\" title=\"CRUZP\" src=\"https:\/\/acousticguitarvillage.net\/wp-content\/uploads\/2012\/06\/CRUZP.jpg\" alt=\"\" width=\"145\" height=\"145\" \/><\/a>Uno degli eventi del festival di quest\u2019anno: per la prima volta in Italia Edgar Cruz . Da Oklahoma City uno dei pi\u00f9 geniali chitarristi acustici contemporanei, un mago che riesce a catturare le sonorit\u00e0 di una intera band e riportarle interamente su una sola chitarra. E\u2019 un dono speciale quello che ha Edgar, come si potrebbe definire altrimenti la capacit\u00e0 di arrangiare su sei corde,<br \/>\ncon un finger-style straordinario, brani dei Moody Blues , Beatles , Santana , Led Zeppelin , o classici di Beethoven , Bach , arrivando fino ai Carmina Burana e Rapsodia Boema . &#8220;Il mio sogno \u00e8 vedere la letteratura per chitarra crescere alle proporzioni della musica per piano e mi piacerebbe contribuire personalmente a questa espansione&#8221; Questo \u00e8 Edgar Cruz , un evento averlo a Sarzana quest\u2019anno.<\/p>\n<p style=\"text-align: justify;\"><strong>ED GERHARD (USA)<\/strong><br \/>\nAnche in questa serata avremo il piacere di ascoltare Ed; chi avr\u00e0 partecipato allo spettacolo del sabato, riprover\u00e0 le emozioni della musica cantata per chitarra, come definisce il suo stile il quotidiano Boston Globe .<\/p>\n<p style=\"text-align: justify;\"><strong>TOMMY EMMANUEL (AUS)<\/strong><\/p>\n<p style=\"text-align: justify;\"><img loading=\"lazy\" decoding=\"async\" class=\"alignleft size-full wp-image-642\" title=\"TOM \" src=\"https:\/\/acousticguitarvillage.net\/wp-content\/uploads\/2012\/06\/TOMP.jpg\" alt=\"\" width=\"150\" height=\"204\" \/>L\u2019Ambasciatore della musica Australiana, forse il pi\u00f9 grande, il pi\u00f9 veloce, il pi\u00f9 geniale chitarrista oggi al mondo \u00e8 qui con noi, nel Teatro a Sarzana. Lo presentammo per la prima volta due anni fa e nessuno lo ha pi\u00f9 dimenticato. Da allora i tour in giro per il mondo si sono susseguiti e qualcuno lo ricorda anche nella cerimonia conclusiva alle Olimpiadi di Sidney 2000.<br \/>\nTre dischi di platino per le vendite in Australia, Nuova Zelanda e Asia, candidatura al &#8221; Grammy &#8221; negli U.S.A., insieme a Chet Atkins per il CD &#8221; The Day Fingerpickers took over the world &#8221; tutto ci\u00f2 ed oltre \u00e8 Tommy Emmanuel . Ha collaborato con. S. Wonder , T. Turner , J.Armatrading , E. Clapton , M. Bolton , C. Atkins , G. Martin , R. Ford , A. Lee , L. Carlton e moltissime altre stars internazionali con una versatilit\u00e0 e un brillantezza uniche. Questa virtuosit\u00e0 e vitalit\u00e0 raggiungono il loro apice sul palco, dove tutto si combina in una miscela esplosiva di suoni, percussioni, genialit\u00e0 da lasciare attoniti gli ascoltatori.<br \/>\nrecensioni &#8211; press review<\/p>\n<p>ACOUSTIC GUITAR MAGAZINE, la prestigiosa rivista americana di chitarra acustica, ha dedicato al Festival un articolo di due pagine scritto da Harry Fleishman, un liutaio che ha visitato il 5\u00b0 Meeting di Sarzana. L&#8217;articolo descrive con entusiasmo l&#8217;ambiente e il clima del Festival, senza dimenticare di citare la bellezza delle Cinque Terre e l&#8217;apprezzamento per la cucina locale. Un grosso grazie a Harry.<\/p>\n<p style=\"text-align: justify;\">LA PAROLA AD ALESSIO AMBROSI,<br \/>\nPresidente Ass.Cult. \u201cARMADILLO CLUB\u201d<br \/>\nOrganizzatore dell\u2019 ACOUSTIC GUITAR 5th INTERNATIONAL MEETING<\/p>\n<p style=\"text-align: justify;\">Il successo della quinta edizione dell\u2019 Acoustic Guitar International Meeting \u00e8 andato quest\u2019anno al di l\u00e0 delle pi\u00f9 rosee aspettative. Sia l\u2019 Esposizione di Liuteria ed Accessori alla Fortezza Firmafede , sia i concerti al Teatro degli Impavidi hanno fatto registrare il tutto esaurito, ponendoci il problema, per il prossimo anno, di spostare i concerti in uno spazio pi\u00f9 capiente. Era infatti impossibile far entrare tutti gli appassionati in teatro ad assistere a tre giorni di concerti che difficilmente potremo dimenticare: tutte le performance degli artisti intervenuti, da Bob Brozman a Mauro Pagani , da Ed Gerhard a Peter Rowan fino alla conclusione di Tommy Emmanuel , sono state di un livello artistico impressionante, creando una speciale ed intensa atmosfera fra tutti i presenti. Questa magia all\u2019interno del teatro crediamo sia la nota pi\u00f9 saliente della manifestazione, come ci confermano tutti i commenti ed i messaggi di congratulazione che ci arrivano di continuo sia da parte degli spettatori che dai musicisti stessi.<br \/>\nL\u2019Esposizione di liuteria ha vissuto giornate intense, con soddisfazione degli espositori per i contatti e l\u2019interesse dei visitatori, come del resto hanno funzionato benissimo i seminari didattici sempre affollati. La bellezza architettonica della Fortezza Firmafede ha fatto il resto, rendendo molto piacevole la permanenza di tutti i presenti che quest\u2019anno arrivavano da ogni parte della nostra nazione, isole comprese!<br \/>\nTutto ci\u00f2 \u00e8 senza dubbio motivo di grande soddisfazione e ci fa capire di aver lavorato duramente, ma con ottimi risultati, di aver scelto una squadra organizzativa, dal gruppo della segreteria del festival ai tecnici a tutti gli addetti ai lavori, di primissima qualit\u00e0.<br \/>\nUn ringraziamento particolare ai partners e sponsors della manifestazione, elencati a parte, che invitiamo a future e sempre pi\u00f9 vincenti collaborazioni.<br \/>\nCi mettiamo al lavoro per la prossima edizione molto contenti e con l\u2019intenzione di migliorare ancora.<br \/>\nAppuntamento al Maggio 2003.<br \/>\nAssociazione Culturale Armadillo Club Live Music Promotion<\/p>\n<p style=\"text-align: justify;\">L\u2019Associazione Culturale \u201cArmadillo Club\u201d vuole ringraziare tutti i partner e gli sponsor dell\u2019<br \/>\n\u201cAcoustic Guitar 5th International Meeting 2002\u201d<\/p>\n<p style=\"text-align: justify;\">ASSESSORATO ALLA CULTURA DEL COMUNE DI SARZANA<br \/>\nPROVINCIA DELLA SPEZIA<br \/>\nREGIONE LIGURIA<br \/>\nAZIENDA DI PROMOZIONE TURISTICA DELLA SPEZIA<br \/>\nHEINEKEN ITALIA SPA<br \/>\nWILDER DI WILLY DAVOLI<br \/>\nMESSIAH MUSIC, MATON GUITARS<br \/>\nSCHERTLER &amp; KOLEY LTD<br \/>\nS.R. TECHNOLOGY<br \/>\nJOHN PEARCE Strings<br \/>\nHIGHLANDER Pickups and Preamp<br \/>\nRIVISTA \u201cCHITARRE\u201d<br \/>\nRIVISTA \u201cGUITAR CLUB\u201d<br \/>\nATKINS-DADI GUITAR PLAYERS ASSOC. OF ITALY<br \/>\nACCADEMIA DI CHITARRA \u201cLIZARD\u201d<\/p>\n<p style=\"text-align: justify;\">CONFEDERAZIONE NAZ. DELL\u2019ARTIGIANATO VAL DI MAGRA<br \/>\nCANTINE LUNAE BOSONI<br \/>\nROCKSTORE STRUMENTI MUSICALI<br \/>\nRADIO LATTE-MIELE<br \/>\nLA GOLETTA BEACH<br \/>\n2B SPORT<br \/>\nTIBERI SOUND<\/p>\n<blockquote>\n<p style=\"text-align: justify;\">Un ringraziamento particolare ad EMERGENCY, Associazione Umanitaria Italiana per la cura e la riabilitazione delle vittime delle guerre e delle mine antiuomo a cui devolviamo con piacere parte degli incassi dei concerti.<\/p>\n<\/blockquote>\n","protected":false},"excerpt":{"rendered":"<p>Presentazione<\/p>\n<p style=\"text-align: justify;\">I primi cinque anni dell\u2019 Acoustic Guitar International Meeting di Sarzana sono trascorsi tra esibizioni dei migliori chitarristi acustici in attivit\u00e0, entusiasmo dei moltissimi appassionati intervenuti e grande soddisfazione di tutti gli attori protagonisti della manifestazione.<br \/>\nIl successo \u00e8 stato straordinario: l\u2019esposizione di liuteria, i seminari didattici e i concerti hanno fatto registrare il tutto esaurito.<\/p>\n<p style=\"text-align: justify;\">Per il 5\u00b0 compleanno, quello del maggio 2002, le aspettative sono ancora maggiori. Il numero degli espositori cresce, dimostrando cos\u00ec l\u2019interesse a partecipare ad una manifestazione di &#8230;<\/p>\n","protected":false},"author":1,"featured_media":0,"parent":1481,"menu_order":0,"comment_status":"open","ping_status":"closed","template":"","meta":{"footnotes":""},"class_list":["post-2284","page","type-page","status-publish","hentry"],"_links":{"self":[{"href":"https:\/\/acousticguitarvillage.net\/en\/wp-json\/wp\/v2\/pages\/2284","targetHints":{"allow":["GET"]}}],"collection":[{"href":"https:\/\/acousticguitarvillage.net\/en\/wp-json\/wp\/v2\/pages"}],"about":[{"href":"https:\/\/acousticguitarvillage.net\/en\/wp-json\/wp\/v2\/types\/page"}],"author":[{"embeddable":true,"href":"https:\/\/acousticguitarvillage.net\/en\/wp-json\/wp\/v2\/users\/1"}],"replies":[{"embeddable":true,"href":"https:\/\/acousticguitarvillage.net\/en\/wp-json\/wp\/v2\/comments?post=2284"}],"version-history":[{"count":0,"href":"https:\/\/acousticguitarvillage.net\/en\/wp-json\/wp\/v2\/pages\/2284\/revisions"}],"up":[{"embeddable":true,"href":"https:\/\/acousticguitarvillage.net\/en\/wp-json\/wp\/v2\/pages\/1481"}],"wp:attachment":[{"href":"https:\/\/acousticguitarvillage.net\/en\/wp-json\/wp\/v2\/media?parent=2284"}],"curies":[{"name":"wp","href":"https:\/\/api.w.org\/{rel}","templated":true}]}}