{"id":2286,"date":"2012-10-09T09:14:20","date_gmt":"2012-10-09T09:14:20","guid":{"rendered":"http:\/\/www.acousticguitarmeeting.net\/?page_id=2286"},"modified":"2012-10-09T09:14:20","modified_gmt":"2012-10-09T09:14:20","slug":"6-edition-2003-may","status":"publish","type":"page","link":"https:\/\/acousticguitarvillage.net\/en\/past-editions\/6-edition-2003-may\/","title":{"rendered":"6\u00b0 Edition &#8211; 2003, May"},"content":{"rendered":"<h2 style=\"text-align: justify;\">Presentazione<\/h2>\n<h3 style=\"text-align: justify;\"><img loading=\"lazy\" decoding=\"async\" class=\"alignleft size-full wp-image-1135\" title=\"6edizione\" src=\"https:\/\/acousticguitarvillage.net\/wp-content\/uploads\/2012\/07\/logo6pp.jpg\" alt=\"\" width=\"104\" height=\"91\" \/>SARZANA &#8211; 22, 23, 24, 25 MAGGIO 2003<\/h3>\n<p style=\"text-align: justify;\">In occasione dell'&#8221;ACOUSTIC GUITAR 6th INTERNATIONAL MEETING&#8221; che si terr\u00e0 a SARZANA (La Spezia), il 22-23-24-25 maggio 2003, sar\u00e0 organizzata la 3a Esposizione di Liuteria, Import, Vintage, Accessori per Chitarra Acustica L&#8217;Esposizione si terr\u00e0 come sempre all&#8217;interno della Fortezza Firmafede di Sarzana nei giorni 23-24-25 maggio 2003. Gli stands saranno a disposizione dei maestri liutai, degli importatori di chitarre ed accessori, degli appassionati delle chitarre da collezione ed inoltre ospiteranno spazi dedicati all&#8217;editoria per chitarra, riviste specializzate, siti web, video, cd, ecc. Saranno presenti alla manifestazione per conferenze, dimostrazioni e utili suggerimenti i maestri liutai americani STEVE KLEIN (www.kleinguitars.com) e HARRY FLEISHMAN (www.fleishmaninstruments.com) Ospite speciale sara&#8217; il Maestro liutaio JOHN MONTELEONE.<\/p>\n<p style=\"text-align: justify;\">Durante i tre giorni si terr\u00e0 anche la 10a Convention Internazionale dell&#8217;A.D.G.P.A. e saranno organizzati dei seminari didattici a cura dell&#8217;Accademia di Chitarra &#8220;LIZARD&#8221; di Firenze e dell&#8217;organizzazione FINGERPICKING.NET. Il portale ELETTROACUSTICO.IT seguir\u00e0 tutta la manifestazione e ne trasmetter\u00e0 online i momenti salienti e ampi reportage.<\/p>\n<p style=\"text-align: justify;\">Tutti gli espositori di chitarre acustiche sono perci\u00f2 invitati a partecipare a questo appuntamento. Sar\u00e0 messo a disposizione di ognuno uno spazio adeguato dotato di piani espositivi all&#8217;interno degli edifici storici che compongono la Fortezza Firmafede. Si tratta di una fortificazione che risale al periodo medioevale, di grandi proporzioni e superficie, posta nel cuore del centro storico di Sarzana, completamente restaurata dalla Sovraintendenza alle Belle Arti e perci\u00f2 perfettamente agibile e dotata di ogni necessit\u00e0 per le esposizioni. Ognuno dei tre giorni della manifestazione preveder\u00e0 durante il giorno la visita gratuita al pubblico della parte espositiva, la partecipazione a seminari didattici di chitarra ed ai concerti pomeridiani, con orario dalle h.11,00 alle h.19,30. Un palco all&#8217;aperto provvisto di impianto audio e tecnici sar\u00e0 a disposizione delle aziende costruttrici ed importatrici per concerti e dimostrazioni degli strumenti.<\/p>\n<p style=\"text-align: justify;\">Alle ore 21.30, con biglietto d&#8217;ingresso, partiranno al Cinema Multisala &#8220;Moderno&#8221;, vicino alla Fortezza Firmafede, le esibizioni con i grandi artisti. Il cast sar\u00e0 come al solito costituito dai migliori chitarristi acustici sulle scene internazionali.<\/p>\n<p style=\"text-align: justify;\">Gioved\u00ec 22 maggio, sempre al Cinema Multisala &#8220;Moderno&#8221; ci sar\u00e0 una serata d&#8217;anteprima dal titolo &#8220;New Sounds of Acoustic Music&#8221; che preveder\u00e0 una serie di esibizioni di giovani proposte della chitarra acustica moderna scelte fra le migliori in Italia.<\/p>\n<p style=\"text-align: justify;\">Sono previste convenzioni a prezzi molto convenienti con alberghi, ristoranti ed altre strutture di ricettivit\u00e0 per la permanenza degli espositori e dei visitatori, nonch\u00e9 la possibilit\u00e0 di partecipare ad escursioni sul territorio Val di Magra- Golfo dei Poeti per espositori, musicisti ed appassionati.<\/p>\n<p>&nbsp;<\/p>\n<h3>Artisti<\/h3>\n<p><strong>THOM\u00c0S DE LOS REYES Duo (Spa)<\/strong><\/p>\n<p style=\"text-align: justify;\">Thom\u00e0s ci guider\u00e0 in un viaggio musicale nella culura flamenca di cui \u00e8 un grande interprete sia con la chitarra che con il canto. Nativo dell\u2019Andalusia e gitano Rom \u00e8 un maestro di quest\u2019arte tradizionale ed affascinante. Lo accompagner\u00e0 il percussionista argentino Alberto Manrique.<\/p>\n<p style=\"text-align: justify;\"><strong> ISATO NAKAGAWA (Jap)<\/strong> Isato \u00e8 giapponese e pur seguendo i percorsi della chitarra fingerpicking tradizionale arrichisce la sua musica con melodie serene e profonde. Il suo stile compositivo \u00e8 ricco di arpeggi radiosi, sostenuti da linee di bassi che creano la necessaria densit\u00e0 ritmica. Note apparentemente semplici, ma piene di una magica lucentezza e interpretate ai massimi livelli. Un \u201cprincipe\u201d orientale nel circuito dei chitarristi acustici internazionali.<\/p>\n<p style=\"text-align: justify;\"><strong> HARVEY REID &amp; JOYCE ANDERSEN (Usa)<\/strong> Dopo tre anni Harvey torna a Sarzana e con una bellissima sorpresa: la violinista-cantante Joyce Andersen. Il suo show di musica folk tradizionale americana, interpretata con strumenti quali chitarra, dobro, banjo, autoharp, si arricchisce cos\u00ec della splendida voce di Joyce e del suo violino swing-bluegrass. Insieme hanno inciso l\u2019album \u201cThe Great Sad River\u201d, che va ad aggiungersi ai 13 registrati da Harvey come solista, a testimonianza di una carriera trentennale e di una grande maestria in molti strumenti e stili della musica acustica.<\/p>\n<p style=\"text-align: justify;\"><strong>PRESTON REED (Usa)<\/strong> Giudicato come \u201cassolutamente imperdibile\u201d dal giornale \u201cThe Herald\u201d, Preston Reed ha uno spettacolare approccio sulla chitarra, attaccando la tastiera come un pianoforte e usando il corpo dello strumento come una sezione di percussioni. Blues, rock, funk, jazz vengono combinati per dar vita ad un vasto repertorio di esplosiva musica originale, capace di produrre sonorit\u00e0 uniche e profonde emozioni. Per il suo genio creativo \u00e8 stato avvicinato dalla critica al grande Jimi Hendrix ed \u00e8 considerato una leggenda vivente della chitarra.<\/p>\n<p style=\"text-align: justify;\"><strong><img loading=\"lazy\" decoding=\"async\" class=\"wp-image-1138 alignleft\" title=\"HARISH\" src=\"https:\/\/acousticguitarvillage.net\/wp-content\/uploads\/2012\/07\/HARISHw.jpg\" alt=\"\" width=\"82\" height=\"114\" \/>HARISH POWAR (India)<\/strong> Chitarrista, compositore, arrangiatore e produttore indiano, Harish suona chitarre a sei e dodici corde ed ha una formazione classica, anche se la sua musica si inserisce pienamente nell\u2019ampio panorama della New Age e della World Music. Accenti esotici e melodie di sicura suggestione per questo musicista indo-europeo che, alcuni anni fa, figurava come prima chitarra dell\u2019orchestra RAI.<\/p>\n<p style=\"text-align: justify;\"><strong>JACQUES STOTZEM (Belg)<\/strong> Ospite regolare in tutti i festival di chitarra in Europa ed in America questo talentuoso musicista belga ha inciso nove album e scritto pagine importanti della tecnica fingerstyle. Il suo repertorio include la gentilezza di una ballata, la corposit\u00e0 di un blues, la serenit\u00e0 di un ragtime e la passionalit\u00e0 di un\u2019armonia jazz. Un maestro di tecnica al servizio della musica.<\/p>\n<p style=\"text-align: justify;\"><strong>ROBERTO CIOTTI Duo (Ita)<\/strong> E\u2019 veramente una sorpresa: il pi\u00f9 famoso chitarrista di blues elettrico italiano in un set completamente acustico! Autore delle colonne sonore dei film di G. Salvatores \u201cTourn\u00e8e\u201d e \u201cMarrakesh Express\u201d ed interprete da pi\u00f9 di venti anni del miglior blues made in Italy, Roberto desidera fortemente questo ritorno alla dimensione acustica che tanti anni fa contribu\u00ec a caratterizzare con grande successo l\u2019Edoardo Bennato di \u201cBurattino senza fili\u201d. Con la sua vecchia Martin ed accompagnato dal percussionista brasiliano Flavinho Vargas ci far\u00e0 ascoltare le sue splendide ballate in una dimensione completamente nuova.<\/p>\n<p style=\"text-align: justify;\"><strong>GUINGA Trio (Bra)<\/strong> Carlos Althier de Souza Lemos Escobar conosciuto come Guinga \u00e8 nativo di Rio de Janeiro ed \u00e8 considerato il miglior compositore brasiliano vivente, all\u2019altezza di Villa-Lobos e Antonio Carlos Jobim. Le sue canzoni sono state registrate da nomi eccellenti della musica brasiliana come Chico Buarque, Clara Nunes, Sergio Mendes, Ivan Lins, Elisa Regina. La sua musica \u00e8 una perfetta fusione tra musica popular brasileira e atmosfere jazz care a Brodway e agli anni \u201940 di Cole Porter. Accompagnato da Lula Galv\u00e3o alla 2a chitarra e da Paulo Sergio Santos al clarinetto sar\u00e0 la grande rivelazione del festival di quest\u2019anno.<\/p>\n<p style=\"text-align: justify;\"><strong>ITALIAN FINGERSTYLE ALL STARS<\/strong> Riccardo Zappa, Pietro Nobile, Paolo Giordano, Walter Lupi.<\/p>\n<p style=\"text-align: justify;\">Non \u00e8 stato facile, ma alla fine siamo riusciti ad avere sul palco tutte insieme le stelle italiane della tecnica fingerstyle: i quattro chitarristi pi\u00f9 conosciuti del nostro paese, quelli che da molti anni, con eccellenti ricerche artistiche, hanno scritto le pagine pi\u00f9 importanti della chitarra acustica. Riconosciuti come esecutori straordinari, maestri di didattica musicale e firme prestigiose delle pi\u00f9 importanti riviste specializzate, presenteranno, per la gioia dei tanti appassionati, i loro differenti stili in una sorta di unica esibizione.<\/p>\n<p style=\"text-align: justify;\"><strong>JEAN FELIX LALANNE (Fra)<\/strong> <img loading=\"lazy\" decoding=\"async\" class=\"alignleft size-full wp-image-708\" title=\"LALANNE\" src=\"https:\/\/acousticguitarvillage.net\/wp-content\/uploads\/2012\/07\/LALANNE.gif\" alt=\"\" width=\"100\" height=\"115\" \/>Sullo stile del mai dimenticato Marcel Dad\u00ec, con il quale aveva realizzato numerosi concerti e un lavoro discografico, arriva a Sarzana questo virtuoso chitarrista francese. Autore di numerose trascrizioni per chitarra, comprese opere di Chopin e di colonne sonore cinematografiche, Jean perfeziona il suo stile nella direzione del suo amico Chet Atkins, al quale dedica anche una sinfonia: \u201cSinphony for a Country Gentleman\u201d.<\/p>\n<p style=\"text-align: justify;\"><strong> PHIL PALMER (UK)<\/strong> Pi\u00f9 di 300 album sono il biglietto da visita di uno dei pi\u00f9 richiesti turnisti e session man del panorama pop mondiale. Conosciuto soprattutto per il suo stile sulla chitarra elettrica, Phil \u00e8 un grande e riconosciuto talento anche sull\u2019acustica ed endorser delle acustiche australiane Maton. Il suo curriculum \u00e8 impressionante: ha inciso con Eric Clapton, Dire Straits, George Michael, Robbie Williams, Tina Turner, Celine Dion ed in Italia con Ramazzotti, Baglioni, Battisti e Renato Zero.<\/p>\n<p style=\"text-align: justify;\"><strong> RALPH TOWNER (Usa)<\/strong> Per almeno tre decadi Ralph \u00e8 stato considerato uno dei pi\u00f9 importanti chitarristi acustici nel mondo. Suona sullo strumento con corde di nylon e sulla dodici con corde in acciaio e ne ha esplorato tutte le dinamiche e articolazioni sonore possibili. Dopo studi classici sulla chitarra e sul piano, si distingue nella scena jazz newyorkese e fonda la mitica band degli \u201cOregon\u201d, una miscela di musica da camera, world music e jazz. Con loro raggiunge il successo internazionale ed entra nella storia della musica moderna, tornando al lavoro solista dopo lo scioglimento. Ralph vanta concerti e successi in tutto il mondo con numerose produzioni discografiche ed un Grammy per l\u2019album \u201cEctopia\u201d . Una stella del jazz contemporaneo.<\/p>\n<h3 style=\"text-align: left;\">IL FESTIVAL DI QUEST&#8217;ANNO<\/h3>\n<h6 style=\"text-align: left;\">NOTE DI ALESSIO AMBROSI<\/h6>\n<h6 style=\"text-align: justify;\">(Direttore Artistico e Presidente dell&#8217;Ass.Cult. Armadillo Club\u201d di Sarzana)<\/h6>\n<p style=\"text-align: justify;\">Siamo arrivati al sesto anno consecutivo e il riconoscimento pi\u00f9 grande ce l\u2019ha offerto la prestigiosa rivista americana \u201cAcoustic Guitar\u201d dedicando due pagine alla nostra manifestazione di chitarra e ponendoci tra i pi\u00f9 importanti appuntamenti mondiali del settore. La formula di integrare una ricca esposizione di chitarre di liuteria e di importazione, i migliori accessori, un nutrito cartellone di incontri didattici con una serie di concerti tenuti dai migliori interpreti internazionali si sta rivelando fortemente vincente. Proprio l\u2019internazionalit\u00e0 degli artisti presenti sar\u00e0 il motivo dominante di quest\u2019anno: ascolteremo chitarristi acustici di nazionalit\u00e0 italiana, spagnola, giapponese, americana, indiana, belga, brasiliana, francese, inglese, in poche parole la chitarra nel mondo.<\/p>\n<p style=\"text-align: justify;\">I concerti si sposteranno nella nuova Multisala Moderno per permettere la ristrutturazione del vecchio e amatissimo Teatro degli Impavidi. La nuova sala d\u00e0 garanzie di ampiezza, comodit\u00e0 e acustica eccellente. Una novit\u00e0 sar\u00e0 la serata di anteprima di gioved\u00ec 22 maggio: una esibizione delle nuove promesse italiane di chitarra; era importante dare questo spazio ai giovani e il progetto sar\u00e0 continuato negli anni a venire portando la manifestazione a quattro giorni consecutivi.<\/p>\n<p style=\"text-align: justify;\">La Fortezza Firmafede ospiter\u00e0, come di consueto per tre giorni, l\u2019Esposizione di Liuteria, Import, Vintage ed Accessori nonch\u00e9 seminari didattici, dimostrazioni di strumenti, concerti pomeridiani e la 10a Convention Internazionale dei nostri amici dell\u2019Atkins-Dad\u00ec Guitar Players Association of Italy. La bellezza e la maestosit\u00e0 di questa Fortificazione del 1400, unite ai profumi di chitarre dal legno pregiato, delizieranno i visitatori. Ospiti eccellenti per tutti gli appassionati di liuteria saranno i maestri americani Harry Fleishman, Steve Klein e John Monteleone.<\/p>\n<p style=\"text-align: justify;\">Con nostra grande soddisfazione crescono ogni anno di pi\u00f9 i partners della manifestazione: all\u2019 A.D.G.P.A. italiana, all\u2019Accademia di chitarra \u201cLizard\u201d, alla rivista \u201cChitarre\u201d, al portale Elettroacustico.it si aggiunge l\u2019organizzazione Fingerpicking.net. Ringraziamo tutti per la collaborazione ed in particolar modo siamo grati all\u2019Amministrazione Comunale di Sarzana per la fiducia e le aspettative che pone in questa manifestazione.<\/p>\n<p style=\"text-align: justify;\">In ultimo gli appassionati, chitarristi e non, sono loro, sempre pi\u00f9 numerosi e pieni di entusiasmo, gli attori principali di questo evento. Li ringraziamo per i sacrifici nel raggiungere Sarzana da distanze spesso rilevanti e promettiamo un\u2019accoglienza sempre pi\u00f9 calorosa e efficiente.<\/p>\n<blockquote>\n<p style=\"text-align: left;\">In ricordo di <span style=\"text-decoration: underline;\">Giorgio Gaber <\/span>, artista intelligente ed indipendente e di <span style=\"text-decoration: underline;\">Alan Lomax<\/span> , etnomusicologo e ricercatore fondamentale nella storia della musica moderna.<\/p>\n<\/blockquote>\n<p style=\"text-align: center;\"><strong>Si ringraziano in modo particolare l\u2019Assessorato alla Cultura di Sarzana, la HeinekenItalia spa, la Wilder di Willy Davoli, la Messiah Music Italia srl, la SR Technology gruppo Schertler.<\/strong><\/p>\n<p style=\"text-align: center;\"><strong>Un saluto e un ringraziamento ai nostri partners: A.D.G.P.A. Italiana, Accademia di chitarra \u201cLizard\u201d, rivista mensile \u201cChitarre\u201d, \u201cFingerpicking.net\u201d, \u201cElettroacustico.it\u201d.<\/strong><\/p>\n","protected":false},"excerpt":{"rendered":"<p>Presentazione<br \/>\nSARZANA &#8211; 22, 23, 24, 25 MAGGIO 2003<\/p>\n<p style=\"text-align: justify;\">In occasione dell&#8217;&#8221;ACOUSTIC GUITAR 6th INTERNATIONAL MEETING&#8221; che si terr\u00e0 a SARZANA (La Spezia), il 22-23-24-25 maggio 2003, sar\u00e0 organizzata la 3a Esposizione di Liuteria, Import, Vintage, Accessori per Chitarra Acustica L&#8217;Esposizione si terr\u00e0 come sempre all&#8217;interno della Fortezza Firmafede di Sarzana nei giorni 23-24-25 maggio 2003. Gli stands saranno a disposizione dei maestri liutai, degli importatori di chitarre ed accessori, degli appassionati delle chitarre da collezione ed inoltre ospiteranno spazi dedicati all&#8217;editoria per chitarra, riviste &#8230;<\/p>\n","protected":false},"author":1,"featured_media":0,"parent":1481,"menu_order":0,"comment_status":"open","ping_status":"closed","template":"","meta":{"footnotes":""},"class_list":["post-2286","page","type-page","status-publish","hentry"],"_links":{"self":[{"href":"https:\/\/acousticguitarvillage.net\/en\/wp-json\/wp\/v2\/pages\/2286","targetHints":{"allow":["GET"]}}],"collection":[{"href":"https:\/\/acousticguitarvillage.net\/en\/wp-json\/wp\/v2\/pages"}],"about":[{"href":"https:\/\/acousticguitarvillage.net\/en\/wp-json\/wp\/v2\/types\/page"}],"author":[{"embeddable":true,"href":"https:\/\/acousticguitarvillage.net\/en\/wp-json\/wp\/v2\/users\/1"}],"replies":[{"embeddable":true,"href":"https:\/\/acousticguitarvillage.net\/en\/wp-json\/wp\/v2\/comments?post=2286"}],"version-history":[{"count":0,"href":"https:\/\/acousticguitarvillage.net\/en\/wp-json\/wp\/v2\/pages\/2286\/revisions"}],"up":[{"embeddable":true,"href":"https:\/\/acousticguitarvillage.net\/en\/wp-json\/wp\/v2\/pages\/1481"}],"wp:attachment":[{"href":"https:\/\/acousticguitarvillage.net\/en\/wp-json\/wp\/v2\/media?parent=2286"}],"curies":[{"name":"wp","href":"https:\/\/api.w.org\/{rel}","templated":true}]}}